{"id":532,"date":"2025-05-25T17:15:18","date_gmt":"2025-05-25T17:15:18","guid":{"rendered":"https:\/\/lite-soil.com\/?post_type=product&#038;p=532"},"modified":"2025-11-13T13:24:47","modified_gmt":"2025-11-13T13:24:47","slug":"lite-pot-l","status":"publish","type":"product","link":"https:\/\/lite-soil.com\/fr\/product\/lite-pot-l\/","title":{"rendered":"LITE-POT L: 3 pcs. <br> 100 x 12,5 cm"},"content":{"rendered":"<p>Insert en non-tiss\u00e9 comme r\u00e9servoir d&#8217;eau pour les balconni\u00e8res LITE-POT L: La garniture en non-tiss\u00e9 stocke l&#8217;eau exc\u00e9dentaire comme une \u00e9ponge et la restitue aux plantes en fonction des besoins. LITE-POT L vous \u00e9pargne l&#8217;arrosage quotidien et simplifie l&#8217;entretien de vos plantes. Le voile de r\u00e9tention d&#8217;eau recycl\u00e9 peut \u00eatre r\u00e9utilis\u00e9 plusieurs fois et stocke environ 12 l\/m<sup>2 <\/sup>d&#8217;eau. En polyester 100 % recycl\u00e9 et est fabriqu\u00e9 en Autriche.<\/p>\n<p><strong>100% DURABLE, RECYCL\u00c9, DURABLE ET R\u00c9UTILISABLE, produit UE<\/strong><\/p>\n<p><strong>Application<\/strong><\/p>\n<p><a href=\"https:\/\/lite-soil.com\/fr\/pots-planters-balcony-boxes\/\">BO\u00ceTES DE BALCONS<\/a><\/p>\n<p><strong>Instructions d&#8217;installation<\/strong><\/p>\n<p>LITE-POT L\u00a0est tr\u00e8s facile \u00e0 utiliser ! Posez LITE-POT L au fond de la\u00a0balconni\u00e8re, il suffit de le d\u00e9couper si n\u00e9cessaire. Ajoutez du terreau par-dessus, plantez, arrosez suffisamment et c&#8217;est tout ! Id\u00e9al pour une combinaison avec nos LITE-STRIPS.<\/p>\n<p><strong>Avantages<\/strong><\/p>\n<ul>\n<li>Approvisionne vos plantes en eau pendant plusieurs jours<\/li>\n<li>R\u00e9utilisable<\/li>\n<li>Peut \u00eatre facilement coup\u00e9 \u00e0 la taille<\/li>\n<li>Id\u00e9al pour les absences prolong\u00e9es comme les vacances, les voyages d&#8217;affaires<\/li>\n<\/ul>\n<p><strong>Quantit\u00e9 &#038; taille<\/strong><\/p>\n<p>3 pcs. 100 x 12,5 cm, d\u2019env. 13 mm d\u2019\u00e9paisseur.<\/p>\n<div class=\"fluid-width-video-wrapper\"><iframe title=\"INSERT EN NON-TISS\u00c9 POUR BALCONNI\u00c8RES ET POTS\ud83e\udeb4 LITE-POT #economiser\" src=\"https:\/\/www.youtube.com\/embed\/Hm_ZHFlclc0?feature=oembed\" name=\"fitvid0\" allowfullscreen=\"allowfullscreen\" data-mce-fragment=\"1\"><\/iframe><\/div>\n<p>Pour les grands projets, veuillez nous contacter\u00a0<a href=\"https:\/\/lite-soil.com\/fr\/about\/#contact_us\">ici<\/a>.<\/p>\n","protected":false},"excerpt":{"rendered":"<p>Insert en non-tiss\u00e9 comme r\u00e9servoir d\u2019eau pour les bacs de balcon<\/p>\n<p>LITE-POT L\u00a0stocke l\u2019eau en exc\u00e8s comme une \u00e9ponge et la restitue aux plantes en fonction de leurs besoins.<\/p>\n<p><strong>100% DURABLE, RECYCL\u00c9, DURABLE ET R\u00c9UTILISABLE<\/strong><\/p>\n<p><strong>Mat\u00e9riau<\/strong> : 100\u202f% polyester<br \/>\nFabriqu\u00e9 en Autriche<\/p>\n","protected":false},"featured_media":212,"comment_status":"closed","ping_status":"closed","template":"","meta":[],"product_brand":[],"product_cat":[99],"product_tag":[26,68],"class_list":{"0":"post-532","1":"product","2":"type-product","3":"status-publish","4":"has-post-thumbnail","6":"product_cat-lite-pot_holiday-bag","7":"product_tag-urban-gardening","8":"product_tag-balcony-boxes","10":"first","11":"instock","12":"taxable","13":"shipping-taxable","14":"purchasable","15":"product-type-simple"},"_links":{"self":[{"href":"https:\/\/lite-soil.com\/fr\/wp-json\/wp\/v2\/product\/532","targetHints":{"allow":["GET"]}}],"collection":[{"href":"https:\/\/lite-soil.com\/fr\/wp-json\/wp\/v2\/product"}],"about":[{"href":"https:\/\/lite-soil.com\/fr\/wp-json\/wp\/v2\/types\/product"}],"replies":[{"embeddable":true,"href":"https:\/\/lite-soil.com\/fr\/wp-json\/wp\/v2\/comments?post=532"}],"wp:featuredmedia":[{"embeddable":true,"href":"https:\/\/lite-soil.com\/fr\/wp-json\/wp\/v2\/media\/212"}],"wp:attachment":[{"href":"https:\/\/lite-soil.com\/fr\/wp-json\/wp\/v2\/media?parent=532"}],"wp:term":[{"taxonomy":"product_brand","embeddable":true,"href":"https:\/\/lite-soil.com\/fr\/wp-json\/wp\/v2\/product_brand?post=532"},{"taxonomy":"product_cat","embeddable":true,"href":"https:\/\/lite-soil.com\/fr\/wp-json\/wp\/v2\/product_cat?post=532"},{"taxonomy":"product_tag","embeddable":true,"href":"https:\/\/lite-soil.com\/fr\/wp-json\/wp\/v2\/product_tag?post=532"}],"curies":[{"name":"wp","href":"https:\/\/api.w.org\/{rel}","templated":true}]}}