{"id":533,"date":"2025-05-25T17:15:18","date_gmt":"2025-05-25T17:15:18","guid":{"rendered":"https:\/\/lite-soil.com\/?post_type=product&#038;p=533"},"modified":"2025-11-13T13:24:08","modified_gmt":"2025-11-13T13:24:08","slug":"holiday-bag","status":"publish","type":"product","link":"https:\/\/lite-soil.com\/fr\/product\/holiday-bag\/","title":{"rendered":"HOLIDAY-BAG <br>"},"content":{"rendered":"<p><strong>HOLIDAY-BAG\u00a0contient un r\u00e9servoir d&#8217;eau :<\/strong><\/p>\n<ol>\n<li>Stockage d&#8217;eau pour les plantes en vacances :\u00a0LITE-STRIPS\u00a0sont des non-tiss\u00e9s de stockage d&#8217;eau 100% durables et r\u00e9utilisables sous forme de bandes \u00e0 m\u00e9langer \u00e0 la terre. Cela signifie que les r\u00e9servoirs d&#8217;eau sont situ\u00e9s directement pr\u00e8s des racines et non, par exemple, au fond du pot de fleurs. Les plantes peuvent donc acc\u00e9der \u00e0 l&#8217;eau contenue dans le voile d&#8217;irrigation beaucoup plus facilement et efficacement. 10 l de\u00a0LITE-STRIPS\u00a0permettent de stocker jusqu&#8217;\u00e0 9 l d&#8217;eau.<\/li>\n<li>La doublure en non-tiss\u00e9\u00a0LITE-POT\u00a0(60 x 12,5 cm) stocke en outre l&#8217;eau exc\u00e9dentaire comme une \u00e9ponge et la restitue aux plantes en fonction de leurs besoins. Le non-tiss\u00e9 recycl\u00e9 issu du recyclage peut \u00eatre utilis\u00e9 plusieurs fois et stocke environ 12 l\/m2 d&#8217;eau.<\/li>\n<\/ol>\n<p><strong>HOLIDAY-BAG est 100 % DURABLE, RECYCL\u00c9, DURABLE ET R\u00c9UTILISABLE !<\/strong><\/p>\n<p><strong>Instructions d&#8217;installation<\/strong><\/p>\n<p>HOLIDAY-BAG R\u00e9servoir d&#8217;eau pour les plantes en vacances est tr\u00e8s facile \u00e0 utiliser ! Posez le voile de r\u00e9tention d&#8217;eau LITE-POT\u00a0sur le fond de la balconni\u00e8re, il suffit de le d\u00e9couper si n\u00e9cessaire. Par-dessus, ajoutez un m\u00e9lange de terre avec environ 5% (en volume) de LITE-STRIPS. Le sac suffit pour 25 l de terreau.<\/p>\n<p><strong>Avantages<\/strong><\/p>\n<ul>\n<li>2 &#8211; en &#8211; 1 R\u00e9servoir d&#8217;eau<\/li>\n<li>Id\u00e9al pour les absences prolong\u00e9es comme les vacances, les voyages d&#8217;affaires<\/li>\n<li>Approvisionne vos plantes en eau pendant plusieurs jours<\/li>\n<li>Stockage de l\u2019eau \u00e0 proximit\u00e9 des racines<\/li>\n<li>All\u00e8ge et a\u00e8re le sol<\/li>\n<\/ul>\n<p><strong>Application<\/strong><\/p>\n<p><a href=\"https:\/\/lite-soil.com\/fr\/pots-planters-balcony-boxes\/\">BO\u00ceTES DE BALCONS<\/a><\/p>\n<p><strong>Mat\u00e9riau<\/strong><\/p>\n<ul>\n<li>LITE-POT\u00a0: 100 % polyester recycl\u00e9<\/li>\n<li>LITE-STRIPS\u00a0: bandes de non-tiss\u00e9 en 100 % polypropyl\u00e8ne. Fabriqu\u00e9 en Autriche.<\/li>\n<\/ul>\n<p><strong>Quantit\u00e9<\/strong><\/p>\n<ul>\n<li>2 x LITE-POT\u00a0M 60 cm x 12,5 cm chacun 1,25 l<\/li>\n<li>LITE-STRIPS suffit pour jusqu&#8217;\u00e0 25 l de terreau<\/li>\n<\/ul>\n<div class=\"fluid-width-video-wrapper\"><iframe title=\"\ud83e\udeb4STOCKAGE D'EAU pour les PLANTES en VACANCES\ud83e\uddf3 HOLIDAY-BAG #economiser\" src=\"https:\/\/www.youtube.com\/embed\/eZR6GU4Zj1w?feature=oembed\" name=\"fitvid0\" allowfullscreen=\"allowfullscreen\" data-mce-fragment=\"1\"><\/iframe><\/div>\n<p>Pour les grands projets, veuillez nous contacter\u00a0<a href=\"https:\/\/lite-soil.com\/fr\/about\/#contact_us\">ici<\/a>.<\/p>\n","protected":false},"excerpt":{"rendered":"<p>Le r\u00e9servoir d\u2019eau pour les balconni\u00e8res pour les absences prolong\u00e9es comme les vacances, les voyages d\u2019affaires, etc.<\/p>\n<p>Le LITE-POT est plac\u00e9 au fond et les LITE-STRIPS sont simplement m\u00e9lang\u00e9s \u00e0 la terre. Cela permet que de nombreux r\u00e9servoirs d\u2019eau soient situ\u00e9s directement pr\u00e8s des racines. Vos plantes peuvent ainsi acc\u00e9der \u00e0 l\u2019eau plus facilement et efficacement lorsque cela est n\u00e9cessaire.<\/p>\n<p><strong>100\u202f% DURABLE, RECYCL\u00c9, R\u00c9SISTANT ET R\u00c9UTILISABLE !<\/strong><\/p>\n<p>Fabriqu\u00e9 en Autriche.<\/p>\n","protected":false},"featured_media":221,"comment_status":"closed","ping_status":"closed","template":"","meta":[],"product_brand":[],"product_cat":[99],"product_tag":[26,68],"class_list":{"0":"post-533","1":"product","2":"type-product","3":"status-publish","4":"has-post-thumbnail","6":"product_cat-lite-pot_holiday-bag","7":"product_tag-urban-gardening","8":"product_tag-balcony-boxes","10":"first","11":"instock","12":"taxable","13":"shipping-taxable","14":"purchasable","15":"product-type-simple"},"_links":{"self":[{"href":"https:\/\/lite-soil.com\/fr\/wp-json\/wp\/v2\/product\/533","targetHints":{"allow":["GET"]}}],"collection":[{"href":"https:\/\/lite-soil.com\/fr\/wp-json\/wp\/v2\/product"}],"about":[{"href":"https:\/\/lite-soil.com\/fr\/wp-json\/wp\/v2\/types\/product"}],"replies":[{"embeddable":true,"href":"https:\/\/lite-soil.com\/fr\/wp-json\/wp\/v2\/comments?post=533"}],"wp:featuredmedia":[{"embeddable":true,"href":"https:\/\/lite-soil.com\/fr\/wp-json\/wp\/v2\/media\/221"}],"wp:attachment":[{"href":"https:\/\/lite-soil.com\/fr\/wp-json\/wp\/v2\/media?parent=533"}],"wp:term":[{"taxonomy":"product_brand","embeddable":true,"href":"https:\/\/lite-soil.com\/fr\/wp-json\/wp\/v2\/product_brand?post=533"},{"taxonomy":"product_cat","embeddable":true,"href":"https:\/\/lite-soil.com\/fr\/wp-json\/wp\/v2\/product_cat?post=533"},{"taxonomy":"product_tag","embeddable":true,"href":"https:\/\/lite-soil.com\/fr\/wp-json\/wp\/v2\/product_tag?post=533"}],"curies":[{"name":"wp","href":"https:\/\/api.w.org\/{rel}","templated":true}]}}