{"id":535,"date":"2025-05-25T17:15:19","date_gmt":"2025-05-25T17:15:19","guid":{"rendered":"https:\/\/lite-soil.com\/?post_type=product&#038;p=535"},"modified":"2025-08-21T09:53:44","modified_gmt":"2025-08-21T09:53:44","slug":"sustainable-gift-set","status":"publish","type":"product","link":"https:\/\/lite-soil.com\/fr\/product\/sustainable-gift-set\/","title":{"rendered":"Sustainable gift set"},"content":{"rendered":"<p data-start=\"40\" data-end=\"143\"><strong data-start=\"40\" data-end=\"143\">Le coffret cadeau durable contient un r\u00e9servoir d\u2019eau biod\u00e9gradable pour plantes + un pot \u00e9quitable<\/strong><\/p>\n<ol>\n<li data-start=\"145\" data-end=\"659\"><strong data-start=\"145\" data-end=\"198\">LITE-STRIPS Bio1 \u2013 r\u00e9servoir d\u2019eau pour plantes :<\/strong> ces bandes de fibres absorbantes fabriqu\u00e9es en Autriche sont 100 % durables et biod\u00e9gradables, con\u00e7ues pour \u00eatre m\u00e9lang\u00e9es \u00e0 la terre. Gr\u00e2ce \u00e0 ce mat\u00e9riau durable unique, elles aident vos plantes d\u2019int\u00e9rieur \u00e0 survivre m\u00eame pendant les pires p\u00e9riodes de s\u00e9cheresse\u2026 ou simplement lorsque vous oubliez de les arroser ! Et il est aussi impossible de trop les arroser ! Id\u00e9al pour fournir \u00e0 vos plantes l\u2019eau et l\u2019air n\u00e9cessaires pendant leur phase de croissance.<\/li>\n<li data-start=\"661\" data-end=\"1085\"><strong data-start=\"661\" data-end=\"711\">Cache-pot Oohh Florence \u2013 \u00e9l\u00e9gant et durable :<\/strong> ce cache-pot styl\u00e9 en papier recycl\u00e9 est fabriqu\u00e9 dans des conditions \u00e9quitables et durables au Sri Lanka. Une attention particuli\u00e8re est port\u00e9e \u00e0 l\u2019emploi des femmes, leur offrant ainsi la possibilit\u00e9 de g\u00e9n\u00e9rer un revenu ind\u00e9pendant. Gr\u00e2ce \u00e0 son rev\u00eatement sp\u00e9cial en caoutchouc, ce cache-pot est \u00e9galement hydrofuge et parfaitement adapt\u00e9 \u00e0 une utilisation en int\u00e9rieur.<\/li>\n<\/ol>\n<p><img loading=\"lazy\" decoding=\"async\" class=\"wp-image-16292 aligncenter lazy loaded\" src=\"https:\/\/www.lite-soil-shop.com\/wp-content\/uploads\/2020\/11\/IMG_1560-1024x768.jpg\" alt=\"\" width=\"293\" height=\"219\" data-src=\"https:\/\/www.lite-soil-shop.com\/wp-content\/uploads\/2020\/11\/IMG_1560-1024x768.jpg\" data-was-processed=\"true\" \/><\/p>\n<article class=\"text-token-text-primary w-full focus:outline-none scroll-mt-[calc(var(--header-height)+min(200px,max(70px,20svh)))]\" dir=\"auto\" tabindex=\"-1\" data-turn-id=\"request-WEB:d8bb5ff7-1498-49c4-9856-d28f7db9aa94-3\" data-testid=\"conversation-turn-8\" data-scroll-anchor=\"true\" data-turn=\"assistant\">\n<div class=\"text-base my-auto mx-auto pb-10 [--thread-content-margin:--spacing(4)] @[37rem]:[--thread-content-margin:--spacing(6)] @[72rem]:[--thread-content-margin:--spacing(16)] px-(--thread-content-margin)\">\n<div class=\"[--thread-content-max-width:32rem] @[34rem]:[--thread-content-max-width:40rem] @[64rem]:[--thread-content-max-width:48rem] mx-auto max-w-(--thread-content-max-width) flex-1 group\/turn-messages focus-visible:outline-hidden relative flex w-full min-w-0 flex-col agent-turn\" tabindex=\"-1\">\n<div class=\"flex max-w-full flex-col grow\">\n<div class=\"min-h-8 text-message relative flex w-full flex-col items-end gap-2 text-start break-words whitespace-normal [.text-message+&#038;]:mt-5\" dir=\"auto\" data-message-author-role=\"assistant\" data-message-id=\"6966ed78-c899-4a0c-a41a-3bf8ba343d71\" data-message-model-slug=\"gpt-4o\">\n<div class=\"flex w-full flex-col gap-1 empty:hidden first:pt-[3px]\">\n<div class=\"markdown prose dark:prose-invert w-full break-words light markdown-new-styling\">\n<p data-start=\"0\" data-end=\"191\" data-is-last-node=\"\" data-is-only-node=\"\">10\u202fl de LITE-STRIPS peuvent stocker jusqu\u2019\u00e0 10\u202fl d\u2019eau. Apr\u00e8s environ une saison \u00e0 deux ans, les r\u00e9servoirs d\u2019eau\u00a0 LITE-STRIPS Bio1 pour plantes sont enti\u00e8rement biod\u00e9gradables.<\/p>\n<\/div>\n<\/div>\n<\/div>\n<\/div>\n<\/div>\n<\/div>\n<\/article>\n<p><strong>Instructions d\u2019installation<\/strong><\/p>\n<p><a href=\"https:\/\/lite-soil.com\/fr\/raised-planting-beds-garden-beds-vegetable-beds\/\">POTAGERS SUR\u00c9LEV\u00c9S<\/a>\u00a0&#038;\u00a0<a href=\"https:\/\/lite-soil.com\/fr\/pots-planters-balcony-boxes\/\">AUGES<\/a><strong>:<\/strong>\u00a0M\u00e9langer environ 5 \u00e0 10 % du volume dans le sol. Les LITE-STRIPS Bio5\u00a0aident les plantes \u00e0 survivre \u00e0 de plus longues p\u00e9riodes de s\u00e9cheresse.<\/p>\n<p><strong>Avantages<\/strong><\/p>\n<ul>\n<li>Seulement la moiti\u00e9 de l\u2019arrosage<\/li>\n<li>Pour l\u2019int\u00e9rieur et l\u2019ext\u00e9rieur<\/li>\n<li>Stockage de l\u2019eau \u00e0 proximit\u00e9 des racines<\/li>\n<li>Am\u00e9liore durablement la croissance<\/li>\n<li>All\u00e8ge et a\u00e8re le sol<\/li>\n<li>Particuli\u00e8rement adapt\u00e9 pour les sols sans tourbe<\/li>\n<\/ul>\n<p><strong data-start=\"40\" data-end=\"52\">Mat\u00e9riau<\/strong><\/p>\n<ul>\n<li data-start=\"40\" data-end=\"332\"><strong data-start=\"55\" data-end=\"75\">LITE-STRIPS Bio1<\/strong> \u2013 Les r\u00e9servoirs d\u2019eau biologiques sont des bandes de cellulose fabriqu\u00e9es \u00e0 partir de fibres de cellulose 100\u202f% naturelles, produites en Autriche.<\/li>\n<li data-start=\"40\" data-end=\"332\"><strong data-start=\"226\" data-end=\"253\">Cache-pot Oohh Florence<\/strong> \u2013 Commerce \u00e9quitable \/\/ Papier avec des couches de latex (arbre \u00e0 caoutchouc).<\/li>\n<\/ul>\n<p><strong data-start=\"334\" data-end=\"348\">Dimensions<\/strong><\/p>\n<ul>\n<li data-start=\"334\" data-end=\"468\"><strong data-start=\"351\" data-end=\"371\">LITE-STRIPS Bio1<\/strong> : 2,5\u202fl, 120\u202fg \u2013 suffisant pour jusqu\u2019\u00e0 50\u202fl de terre.<\/li>\n<li data-start=\"334\" data-end=\"468\"><strong data-start=\"429\" data-end=\"447\">Cache-pot Oohh<\/strong> <strong data-start=\"226\" data-end=\"253\">Florence<\/strong>: env. \u00d817 x H17\u202fcm.<\/li>\n<\/ul>\n<p>Pour les grands projets, veuillez nous contacter <a href=\"https:\/\/lite-soil.com\/fr\/about\/#contact_us\">ici<\/a>.<\/p>\n","protected":false},"excerpt":{"rendered":"<p>Coffret cadeau durable : r\u00e9servoir d\u2019eau biod\u00e9gradable pour plantes + cache-pot \u00e9quitable !<\/p>\n<p>Les LITE-STRIPS Bio1, ins\u00e9r\u00e9s pr\u00e8s des racines, sont des bandes non tiss\u00e9es \u00e0 m\u00e9langer \u00e0 la terre pour \u00e9conomiser de l\u2019eau et du temps d\u2019arrosage.<\/p>\n<p><strong>Volume :<\/strong> 2,5\u202fl<br \/>\n<strong>Mat\u00e9riau :<\/strong> Bandes d\u2019environ 70 x 12 x 6\u202fmm en fibres de cellulose 100\u202f% biod\u00e9gradables.<\/p>\n","protected":false},"featured_media":227,"comment_status":"closed","ping_status":"closed","template":"","meta":[],"product_brand":[],"product_cat":[98],"product_tag":[],"class_list":{"0":"post-535","1":"product","2":"type-product","3":"status-publish","4":"has-post-thumbnail","6":"product_cat-lite-strips","8":"first","9":"instock","10":"sale","11":"taxable","12":"shipping-taxable","13":"purchasable","14":"product-type-simple"},"_links":{"self":[{"href":"https:\/\/lite-soil.com\/fr\/wp-json\/wp\/v2\/product\/535","targetHints":{"allow":["GET"]}}],"collection":[{"href":"https:\/\/lite-soil.com\/fr\/wp-json\/wp\/v2\/product"}],"about":[{"href":"https:\/\/lite-soil.com\/fr\/wp-json\/wp\/v2\/types\/product"}],"replies":[{"embeddable":true,"href":"https:\/\/lite-soil.com\/fr\/wp-json\/wp\/v2\/comments?post=535"}],"wp:featuredmedia":[{"embeddable":true,"href":"https:\/\/lite-soil.com\/fr\/wp-json\/wp\/v2\/media\/227"}],"wp:attachment":[{"href":"https:\/\/lite-soil.com\/fr\/wp-json\/wp\/v2\/media?parent=535"}],"wp:term":[{"taxonomy":"product_brand","embeddable":true,"href":"https:\/\/lite-soil.com\/fr\/wp-json\/wp\/v2\/product_brand?post=535"},{"taxonomy":"product_cat","embeddable":true,"href":"https:\/\/lite-soil.com\/fr\/wp-json\/wp\/v2\/product_cat?post=535"},{"taxonomy":"product_tag","embeddable":true,"href":"https:\/\/lite-soil.com\/fr\/wp-json\/wp\/v2\/product_tag?post=535"}],"curies":[{"name":"wp","href":"https:\/\/api.w.org\/{rel}","templated":true}]}}