{"id":536,"date":"2025-05-25T17:15:19","date_gmt":"2025-05-25T17:15:19","guid":{"rendered":"https:\/\/lite-soil.com\/?post_type=product&#038;p=536"},"modified":"2025-12-22T08:51:32","modified_gmt":"2025-12-22T08:51:32","slug":"bluelite-net","status":"publish","type":"product","link":"https:\/\/lite-soil.com\/fr\/product\/bluelite-net\/","title":{"rendered":"BLUELITE-NET"},"content":{"rendered":"<p>Le syst\u00e8me BLUELITE-NET est une solution optimale pour l&#8217;irrigation souterraine \u00e9conome en eau des pelouses, des terrains de sport ou des arbres.<\/p>\n<p>Il se compose de 2 \u00e9l\u00e9ments : Un filet molletonn\u00e9 (LITE-NET) et un tube d&#8217;irrigation goutte \u00e0 goutte avec une gaine molletonn\u00e9e (BLUELITE-TUBE) pos\u00e9 directement dessus. L&#8217;eau du tuyau flexible est lib\u00e9r\u00e9e de mani\u00e8re homog\u00e8ne via le rev\u00eatement en non-tiss\u00e9 extr\u00eamement robuste dans le LITE-NET situ\u00e9 en dessous, o\u00f9 elle est distribu\u00e9e par capillarit\u00e9 sur une grande surface dans la zone des racines des plantes. Les racines peuvent facilement pousser \u00e0 travers les ouvertures du filet ! Le non-tiss\u00e9 de stockage de l&#8217;eau LITE-NET ainsi que la housse en non-tiss\u00e9 sont compos\u00e9s \u00e0 100 % de polypropyl\u00e8ne, fabriqu\u00e9 en Autriche.<\/p>\n<h3>Application<\/h3>\n<p>Pelouses,\u00a0toits verts,\u00a0terrains de sport, terrains de football,\u00a0talus,\u00a0arbres, arbustes,\u00a0parterres sur\u00e9lev\u00e9s, parterres de fleurs, parterres de l\u00e9gumes,jardinage urbain.<\/p>\n<div class=\"fluid-width-video-wrapper\">\n<p><iframe loading=\"lazy\" title=\"\ud83d\udca7 installation l&#039;IRRIGATION SOUTERRAINE BLUELITE-NET #economiser\" width=\"500\" height=\"281\" src=\"https:\/\/www.youtube.com\/embed\/pvpviF7ULSo?feature=oembed\" frameborder=\"0\" allow=\"accelerometer; autoplay; clipboard-write; encrypted-media; gyroscope; picture-in-picture; web-share\" referrerpolicy=\"strict-origin-when-cross-origin\" allowfullscreen><\/iframe><\/p>\n<\/div>\n<h3>Instructions d&#8217;installation<\/h3>\n<ol>\n<li>Ameublir le sous-sol, enlever le gazon existant en cas de renouvellement.<\/li>\n<li>LITE-NET\u00a0Placez-le dessus et \u00e9cartez-le sur une largeur d&#8217;environ 1,3 \u00e0 1,8 m (28 m\u00b2) \/ environ 2,8 \u00e0 3,5 m (55 m\u00b2).<\/li>\n<li>Poser le BLUELITE-TUBE directement sur le dessus. Distance d&#8217;environ 50-60 cm avec des sols perm\u00e9ables \u00e0 l&#8217;eau (par exemple du sable), sinon environ 60-70 cm. Fixez \u00e9ventuellement avec des piquets ou de la terre.<\/li>\n<li>Enracinez profond\u00e9ment (environ 8 \u00e0 15 cm pour une pelouse) la terre ou le substrat par-dessus, compactez et semez ou posez du gazon.<\/li>\n<li>Connecter, verser &#8211; c&#8217;est fait.<\/li>\n<\/ol>\n<p><em>EN PRINCIPE, NOUS RECOMMANDONS L&#8217;INSTALLATION PAR UN PROFESSIONNEL !<\/em><\/p>\n<h3>Avantages<\/h3>\n<ul>\n<li>Jusqu&#8217;\u00e0 70 % d&#8217;\u00e9conomie d&#8217;eau par rapport \u00e0 l&#8217;irrigation par aspersion<\/li>\n<li>Fournit des racines de mani\u00e8re pr\u00e9cise et r\u00e9guli\u00e8re<\/li>\n<li>La zone peut \u00eatre utilis\u00e9e pendant l&#8217;irrigation<\/li>\n<li>Protection contre les racines, les particules fines et le vandalisme.<\/li>\n<li>Pas d&#8217;\u00e9vaporation, de feutrage, d&#8217;engorgement.<\/li>\n<li>Installation simple, entretien r\u00e9duit<\/li>\n<\/ul>\n<h3>Sp\u00e9cifications\/Taille :<\/h3>\n<p><strong>BLUELITE-NET 28 m\u00b2 :<\/strong><\/p>\n<ul>\n<li>Tuyau goutte-\u00e0-goutte flexible de 16,1 mm avec rev\u00eatement non-tiss\u00e9 (BLUELITE-TUBE) pour raccords instantan\u00e9s de 17 mm, \u00e9paisseur de paroi 1,2 mm, goutteurs compens\u00e9s en pression tous les 33 cm, chacun avec un d\u00e9bit de 2,3 l\/h de 0,59 \u00e0 4,14 bar. Filtration requise 125 microns. Il est recommand\u00e9 d&#8217;utiliser une vanne de purge d&#8217;air de \u00bd&#8221;. Longueur 50 m.<\/li>\n<li>R\u00e9seau de stockage et de distribution d&#8217;eau de 5 mm d&#8217;\u00e9paisseur (LITE-NET) avec une teneur en pores de 85 \u00e0 90 %. Superficie maximale 28 m\u00b2 \u00e0 1,7 x 16 m.<\/li>\n<\/ul>\n<p><strong>BLUELITE-NET 55 m\u00b2 :<\/strong><\/p>\n<ul>\n<li>Tuyau d&#8217;\u00e9gouttement flexible de 16,1 mm pour raccords enfichables de 17 mm, \u00e9paisseur de paroi 1,2 mm, goutteurs \u00e0 pression compens\u00e9e espac\u00e9s de 33 cm, chacun avec un d\u00e9bit de 2,3 l\/h de 0,59 \u00e0 4,14 bar. Filtration requise 125 microns. Il est recommand\u00e9 d&#8217;utiliser une vanne de purge d&#8217;air de \u00bd&#8221;. Longueur 100 m.<\/li>\n<li>R\u00e9seau de stockage et de distribution d&#8217;eau de 5 mm d&#8217;\u00e9paisseur avec 85 \u00e0 90 % de pores. Superficie maximale 55 m\u00b2 \u00e0 3,5 x 16 m.<\/li>\n<\/ul>\n<p><strong><a class=\"big-button bigblue\" href=\"https:\/\/lite-soil.com\/wp-content\/uploads\/2025\/08\/QA-BLUELITE-NET-FR.webp\" target=\"_blank\" rel=\"noopener\">Q&#038;A sur BLUELITE-NET<\/a><\/strong><\/p>\n<p>Pour les grands projets, veuillez nous contacter\u00a0<strong><a href=\"https:\/\/www.lite-soil-shop.com\/kontakt\/\">ici<\/a><\/strong>.<\/p>\n<p>&nbsp;<\/p>\n","protected":false},"excerpt":{"rendered":"<p>Une irrigation souterraine moderne pour une meilleure croissance des plantes<\/p>\n<p>L&#8217;eau du tuyau flexible est lib\u00e9r\u00e9e de mani\u00e8re homog\u00e8ne via le rev\u00eatement en non-tiss\u00e9 extr\u00eamement robuste dans le LITE-NET situ\u00e9 en dessous, o\u00f9 elle est distribu\u00e9e par capillarit\u00e9 sur une grande surface dans la zone des racines des plantes.<\/p>\n<p><strong data-start=\"40\" data-end=\"56\">Dimensions :<\/strong> 28 m\u00b2 | 55 m\u00b2<br data-start=\"70\" data-end=\"73\" \/><strong data-start=\"73\" data-end=\"87\" data-is-only-node=\"\">Mat\u00e9riau :<\/strong> 100 % polypropyl\u00e8ne<br data-start=\"107\" data-end=\"110\" \/>Fabriqu\u00e9 en Autriche.<\/p>\n","protected":false},"featured_media":230,"comment_status":"closed","ping_status":"closed","template":"","meta":[],"product_brand":[],"product_cat":[73],"product_tag":[26,74,75,76,77,78,79,80,81,82,83],"class_list":{"0":"post-536","1":"product","2":"type-product","3":"status-publish","4":"has-post-thumbnail","6":"product_cat-bluelite-net","7":"product_tag-urban-gardening","8":"product_tag-athletic-fields","9":"product_tag-bushes-shrubs","10":"product_tag-lawns","11":"product_tag-planting-beds","12":"product_tag-raised-planting-beds","13":"product_tag-roof-greening","14":"product_tag-slope-vegetation","15":"product_tag-soccer-fields","16":"product_tag-trees","17":"product_tag-vegetable-beds","19":"first","20":"instock","21":"taxable","22":"shipping-taxable","23":"purchasable","24":"product-type-variable"},"_links":{"self":[{"href":"https:\/\/lite-soil.com\/fr\/wp-json\/wp\/v2\/product\/536","targetHints":{"allow":["GET"]}}],"collection":[{"href":"https:\/\/lite-soil.com\/fr\/wp-json\/wp\/v2\/product"}],"about":[{"href":"https:\/\/lite-soil.com\/fr\/wp-json\/wp\/v2\/types\/product"}],"replies":[{"embeddable":true,"href":"https:\/\/lite-soil.com\/fr\/wp-json\/wp\/v2\/comments?post=536"}],"wp:featuredmedia":[{"embeddable":true,"href":"https:\/\/lite-soil.com\/fr\/wp-json\/wp\/v2\/media\/230"}],"wp:attachment":[{"href":"https:\/\/lite-soil.com\/fr\/wp-json\/wp\/v2\/media?parent=536"}],"wp:term":[{"taxonomy":"product_brand","embeddable":true,"href":"https:\/\/lite-soil.com\/fr\/wp-json\/wp\/v2\/product_brand?post=536"},{"taxonomy":"product_cat","embeddable":true,"href":"https:\/\/lite-soil.com\/fr\/wp-json\/wp\/v2\/product_cat?post=536"},{"taxonomy":"product_tag","embeddable":true,"href":"https:\/\/lite-soil.com\/fr\/wp-json\/wp\/v2\/product_tag?post=536"}],"curies":[{"name":"wp","href":"https:\/\/api.w.org\/{rel}","templated":true}]}}