{"id":537,"date":"2025-05-25T17:15:19","date_gmt":"2025-05-25T17:15:19","guid":{"rendered":"https:\/\/lite-soil.com\/?post_type=product&#038;p=537"},"modified":"2025-11-13T11:54:58","modified_gmt":"2025-11-13T11:54:58","slug":"lite-strips-bio1","status":"publish","type":"product","link":"https:\/\/lite-soil.com\/fr\/product\/lite-strips-bio1\/","title":{"rendered":"LITE-STRIPS  <br> Bio1"},"content":{"rendered":"<h2>Stockage de l&#8217;eau pour les plantes<\/h2>\n<p>Les LITE-STRIPS Bio1 sont simplement m\u00e9lang\u00e9s \u00e0 la terre. Cela signifie que de nombreux r\u00e9servoirs d&#8217;eau sont situ\u00e9s directement pr\u00e8s des racines. Les plantes peuvent donc acc\u00e9der beaucoup plus facilement et efficacement \u00e0 l&#8217;eau contenue dans la toison d&#8217;irrigation. Les LITE-STRIPS Bio1 de 7 cm de long ne peuvent pas \u00eatre arros\u00e9s, \u00e9conomisent l&#8217;eau et rendent la terre plus perm\u00e9able. Fabriqu\u00e9es en Autriche.<\/p>\n<p><strong>100% BIOD\u00c9GRADABLE\/COMPOSTABLE<\/strong><\/p>\n<p>Apr\u00e8s\u00a0environ 1 saison \u00e0 2 ans, les r\u00e9servoirs d&#8217;eau bio pour plantes LITE-STRIPS Bio1\u00a0sont enti\u00e8rement\u00a0biod\u00e9grad\u00e9s.<\/p>\n<p>LITE-SOIL a re\u00e7u le label de qualit\u00e9 &#8220;Natur im Garten&#8221; pour LITE-STRIPS Bio1 2,5L !<\/p>\n<p>Le label de qualit\u00e9 &#8220;Natur im Garten&#8221; est une aide \u00e0 l&#8217;orientation pour les personnes soucieuses de l&#8217;environnement qui souhaitent utiliser des produits de jardinage \u00e9cologiques. Tous les produits de jardinage respectent avant tout les trois crit\u00e8res cl\u00e9s de &#8220;Natur im Garten&#8221; : pas de pesticides chimiques de synth\u00e8se, pas d&#8217;engrais chimiques de synth\u00e8se et pas de tourbe.<\/p>\n<h3>Produit<\/h3>\n<h3>Lite-Strips Bio1<\/h3>\n<p>100 % Fibres de cellulose biod\u00e9gradable<br \/>\nDur\u00e9e de vie d&#8217;environ 1 saison &#8211; 2 ans<br \/>\nPour la phase de croissance ou plantes annuelles<\/p>\n<h3>Unit\u00e9 &#8211; Prix &#8211; Jusqu&#8217;\u00e0<\/h3>\n<ul>\n<li><strong>2,5 l <\/strong>(120 g)<strong> &#8211; \u20ac\u00a0<\/strong><strong>16,50<\/strong> (\u20ac 6,6\/l) <strong>&#8211; 50 l terre <\/strong>(5 m\u00b2 gazon)<\/li>\n<li><strong>10 l <\/strong>(480 g)<strong> &#8211; \u20ac\u00a0<\/strong><strong>42,00 <\/strong>(\u20ac 4,2\/l)<strong>\u00a0&#8211; 200 l terre <\/strong>(20 m\u00b2 gazon)<\/li>\n<li><strong>25 l <\/strong>(1200 g)<strong> &#8211; \u20ac\u00a0<\/strong><strong>79,80 <\/strong>(\u20ac 3,19\/l)<strong> &#8211; 500 l terre <\/strong>(50 m\u00b2 gazon)<\/li>\n<\/ul>\n<h3>Instructions d&#8217;installation<\/h3>\n<p><a href=\"https:\/\/lite-soil.com\/fr\/trees-shrubs-bushes\/\">ARBRES, BUISSONS ET ARBUSTES<\/a>: M\u00e9langez environ 10 \u00e0 20 litres par arbre dans le sol pr\u00e8s de la motte de racines.<\/p>\n<p><a href=\"https:\/\/lite-soil.com\/fr\/raised-planting-beds-garden-beds-vegetable-beds\/\">LITS SUR\u00c9LEV\u00c9S<\/a> ET <a href=\"https:\/\/lite-soil.com\/fr\/pots-planters-balcony-boxes\/\">PLANTES<\/a>: M\u00e9langez environ 5 \u00e0 10 % du volume dans le sol. Vous devez arroser moins souvent, les plantes re\u00e7oivent de l&#8217;eau m\u00eame pendant les p\u00e9riodes s\u00e8ches ou les vacances.<\/p>\n<p><a href=\"https:\/\/lite-soil.com\/fr\/lawn-rolled-turf\/\">PELOUSES, TERRAINS DE SPORT, TERRAINS DE FOOTBALL<\/a> &#038; <a href=\"https:\/\/lite-soil.com\/fr\/slopes-vegetation-permanent-greening\/\">BUISSONS<\/a>: M\u00e9langez environ 0,5 \u00e0 1 l de LITE-STRIPS Bio1\u00a0par m\u00b2 dans la terre jusqu&#8217;\u00e0 la profondeur des racines, par exemple \u00e0 l&#8217;aide d&#8217;un r\u00e2teau.<\/p>\n<p><a href=\"https:\/\/lite-soil.com\/fr\/roof-greening\/\">TOIT GAZON<\/a>: Selon l&#8217;\u00e9paisseur de la structure, m\u00e9langez environ 1 l de LITE-STRIPS Bio1\u00a0par m\u00b2 dans le substrat.<\/p>\n<h3>Avantages<\/h3>\n<ul>\n<li>Seulement la moiti\u00e9 de l&#8217;arrosage<\/li>\n<li>Pour l&#8217;int\u00e9rieur et l&#8217;ext\u00e9rieur<\/li>\n<li>Stockage de l\u2019eau \u00e0 proximit\u00e9 des racines<\/li>\n<li>Am\u00e9liore durablement la croissance<\/li>\n<li>All\u00e8ge et a\u00e8re le sol<\/li>\n<li>Particuli\u00e8rement adapt\u00e9 pour les sols sans tourbe<\/li>\n<\/ul>\n<div class=\"et_pb_tab_content\">\n<p>1 kg de LITE-STRIPS Bio1\u00a0stocke jusqu&#8217;\u00e0\u00a010 litres d&#8217;eau\u00a0!<\/p>\n<\/div>\n<div class=\"et_pb_tab_content\">\n<p><iframe loading=\"lazy\" title=\"\ud83d\udca7la M\u00c9THODE D\u00c9FINITIVE d&#039;\u00c9CONOMIE D&#039;EAU pour les plantes LITE-STRIPS  #economiser\" width=\"500\" height=\"281\" src=\"https:\/\/www.youtube.com\/embed\/rnPJuyw76TY?feature=oembed\" frameborder=\"0\" allow=\"accelerometer; autoplay; clipboard-write; encrypted-media; gyroscope; picture-in-picture; web-share\" referrerpolicy=\"strict-origin-when-cross-origin\" allowfullscreen><\/iframe><\/p>\n<p>Pour les grands projets, veuillez nous contacter\u00a0<a href=\"https:\/\/lite-soil.com\/fr\/about\/#contact_us\">ici<\/a>.<\/p>\n<\/div>\n","protected":false},"excerpt":{"rendered":"<p>R\u00e9servoirs d\u2019eau biod\u00e9gradables pour les plantes<\/p>\n<p>Les LITE-STRIPS\u00a0Bio1\u00a0plac\u00e9s pr\u00e8s des racines sont des bandes de non-tiss\u00e9 en cellulose qui sont m\u00e9lang\u00e9es \u00e0 la terre afin d\u2019\u00e9conomiser de l\u2019eau et du temps.<br \/>\nId\u00e9al pour les plantes en pot, les plantes de balcon, les plates-bandes sur\u00e9lev\u00e9es, les pelouses et autres.<\/p>\n<p>Veuillez s\u00e9lectionner le volume souhait\u00e9 :<br \/>\n<strong>Volumen<\/strong>: 2,5l | 10l | 25l<br \/>\n<strong>Mat\u00e9riau<\/strong>: 100% fibres de cellulose biod\u00e9gradables<\/p>\n<p>LITE-SOIL a re\u00e7u le label de qualit\u00e9 \u00ab\u00a0Natur im Garten\u00a0\u00bb pour LITE-STRIPS Bio1 2,5L !<\/p>\n","protected":false},"featured_media":244,"comment_status":"closed","ping_status":"closed","template":"","meta":[],"product_brand":[],"product_cat":[98],"product_tag":[78,86,85,84,83,82,81,80,79,77,76,75,74,68,26],"class_list":{"0":"post-537","1":"product","2":"type-product","3":"status-publish","4":"has-post-thumbnail","6":"product_cat-lite-strips","7":"product_tag-raised-planting-beds","8":"product_tag-planters","9":"product_tag-flower-pots","10":"product_tag-flower-boxes","11":"product_tag-vegetable-beds","12":"product_tag-trees","13":"product_tag-soccer-fields","14":"product_tag-slope-vegetation","15":"product_tag-roof-greening","16":"product_tag-planting-beds","17":"product_tag-lawns","18":"product_tag-bushes-shrubs","19":"product_tag-athletic-fields","20":"product_tag-balcony-boxes","21":"product_tag-urban-gardening","23":"first","24":"instock","25":"taxable","26":"shipping-taxable","27":"purchasable","28":"product-type-variable"},"_links":{"self":[{"href":"https:\/\/lite-soil.com\/fr\/wp-json\/wp\/v2\/product\/537","targetHints":{"allow":["GET"]}}],"collection":[{"href":"https:\/\/lite-soil.com\/fr\/wp-json\/wp\/v2\/product"}],"about":[{"href":"https:\/\/lite-soil.com\/fr\/wp-json\/wp\/v2\/types\/product"}],"replies":[{"embeddable":true,"href":"https:\/\/lite-soil.com\/fr\/wp-json\/wp\/v2\/comments?post=537"}],"wp:featuredmedia":[{"embeddable":true,"href":"https:\/\/lite-soil.com\/fr\/wp-json\/wp\/v2\/media\/244"}],"wp:attachment":[{"href":"https:\/\/lite-soil.com\/fr\/wp-json\/wp\/v2\/media?parent=537"}],"wp:term":[{"taxonomy":"product_brand","embeddable":true,"href":"https:\/\/lite-soil.com\/fr\/wp-json\/wp\/v2\/product_brand?post=537"},{"taxonomy":"product_cat","embeddable":true,"href":"https:\/\/lite-soil.com\/fr\/wp-json\/wp\/v2\/product_cat?post=537"},{"taxonomy":"product_tag","embeddable":true,"href":"https:\/\/lite-soil.com\/fr\/wp-json\/wp\/v2\/product_tag?post=537"}],"curies":[{"name":"wp","href":"https:\/\/api.w.org\/{rel}","templated":true}]}}