{"id":547,"date":"2025-05-25T17:15:20","date_gmt":"2025-05-25T17:15:20","guid":{"rendered":"https:\/\/lite-soil.com\/?post_type=product&#038;p=547"},"modified":"2025-12-16T10:40:22","modified_gmt":"2025-12-16T10:40:22","slug":"lite-net-bio1","status":"publish","type":"product","link":"https:\/\/lite-soil.com\/fr\/product\/lite-net-bio1\/","title":{"rendered":"LITE-NET <br>Bio1<br>"},"content":{"rendered":"<p data-start=\"40\" data-end=\"432\">Le rouleau de filet d\u2019eau LITE-NET Bio1 est utilis\u00e9 pour stocker et distribuer l\u2019eau et l\u2019air sur de grandes surfaces, et il est 100\u202f% biod\u00e9gradable. Le LITE-NET se compose jusqu\u2019\u00e0 90\u202f% de pores d\u2019air ouverts, dans lesquels jusqu\u2019\u00e0 44\u202fl d\u2019eau peuvent \u00eatre stock\u00e9s et achemin\u00e9s, comme dans un r\u00e9seau de veines, directement l\u00e0 o\u00f9 les plantes en ont le plus besoin : aux racines.<\/p>\n<p data-start=\"434\" data-end=\"580\">Le LITE-NET, d\u2019environ 6\u202fmm d\u2019\u00e9paisseur, est simplement \u00e9tir\u00e9 jusqu\u2019\u00e0 4 \u00e0 5 fois sa largeur puis recouvert de terre jusqu\u2019aux racines.<\/p>\n<p data-start=\"924\" data-end=\"1010\">LITE-SOIL a re\u00e7u le label de qualit\u00e9 \u00ab Natur im Garten \u00bb pour LITE-NET Bio1 0,8 m\u00b2 !<\/p>\n<p data-start=\"1012\" data-end=\"1369\">Le label de qualit\u00e9 \u00ab Natur im Garten \u00bb est un guide pour les personnes soucieuses de l\u2019environnement souhaitant utiliser des produits de jardin \u00e9cologiquement s\u00fbrs. Tous les produits de jardin r\u00e9pondent aux trois crit\u00e8res principaux de \u00ab Natur im Garten \u00bb : pas de pesticides chimiques synth\u00e9tiques, pas d\u2019engrais chimiques synth\u00e9tiques et pas de tourbe.<\/p>\n<p data-start=\"582\" data-end=\"769\" data-is-last-node=\"\" data-is-only-node=\"\"><strong>100\u202f% BIOD\u00c9GRADABLE<\/strong><br data-start=\"605\" data-end=\"608\" \/>Apr\u00e8s environ une saison \u00e0 deux ans, le LITE-NET se d\u00e9grade compl\u00e8tement. Il est compos\u00e9 de fibres de cellulose 100\u202f% naturelles et est fabriqu\u00e9 en Autriche.<\/p>\n<h3>Produit<\/h3>\n<h3>Lite-Net Bio1<\/h3>\n<p>100\u202f% fibres de cellulose<br \/>\n100\u202f% biod\u00e9gradable<br \/>\nDur\u00e9e de vie d&#8217;environ 1 saison &#8211; 2 ans<br \/>\nPour la phase de croissance ou les plantes annuelles<\/p>\n<h3>Taille<strong> \u2013 Prix<\/strong><\/h3>\n<ul>\n<li><strong>0,8 m\u00b2<\/strong> (1,1 x 0,7 m) &#8211; <strong>\u20ac\u00a0<\/strong><strong>15,50 <\/strong>(\u20ac 19,38\/m\u00b2)<\/li>\n<li><strong>2,1 m\u00b2<\/strong> (1,3 x 1,6 m) &#8211; <strong>\u20ac\u00a0<\/strong><strong>25,90<\/strong> (\u20ac 12,33\/m\u00b2)<\/li>\n<li><strong>10,4 m\u00b2<\/strong> (1,3 x 8 m) &#8211; <strong>\u20ac\u00a0<\/strong><strong>79,50<\/strong> (\u20ac 7,64\/m\u00b2)<\/li>\n<li><strong>28 m\u00b2 <\/strong>(1,75 x 16 m) &#8211; <strong>\u20ac <\/strong><strong>175,00 <\/strong>(\u20ac 6,25\/m\u00b2)<\/li>\n<\/ul>\n<h3>Instructions d&#8217;installation<\/h3>\n<p><a href=\"https:\/\/lite-soil.com\/fr\/slopes-vegetation-permanent-greening\/\">TALUS\/CROISSANCE<\/a>: Pour les talus, le LITE-NET\u00a0Bio1\u00a0est pos\u00e9 en surface comme aide \u00e0 la croissance.<\/p>\n<p><a href=\"https:\/\/lite-soil.com\/fr\/trees-shrubs-bushes\/\">ARBRES, ARBUSTES ET BUISSONS<\/a>: Enroulez un morceau de LITE-NET convenablement coup\u00e9 autour de la motte pour canaliser l&#8217;eau et l&#8217;air de la surface directement vers les racines. Comme r\u00e9servoir d&#8217;eau suppl\u00e9mentaire, placez un autre LITE-NET horizontalement dans la fosse de l&#8217;arbre. Cela permet d&#8217;assurer un approvisionnement optimal de l&#8217;espace racinaire profond.<\/p>\n<p><a href=\"https:\/\/lite-soil.com\/fr\/raised-planting-beds-garden-beds-vegetable-beds\/\">POTAGERS SUR\u00c9LEV\u00c9S<\/a>,\u00a0<a href=\"https:\/\/lite-soil.com\/fr\/lawn-rolled-turf\/\">PELOUSE, TERRAINS DE SPORT<\/a>: Placez le LITE-NET\u00a0\u00e9tal\u00e9 sur le dessus et ajoutez de la terre jusqu&#8217;\u00e0 la profondeur des racines (environ 10 cm pour les pelouses). Terre au-dessus (id\u00e9alement m\u00e9lang\u00e9e avec des\u00a0LITE-STRIPS), pr\u00eat.<\/p>\n<h3>Avantages<\/h3>\n<ul>\n<li>Seulement la moiti\u00e9 de l&#8217;arrosage<\/li>\n<li>Distribue l&#8217;eau et l&#8217;air exactement l\u00e0 o\u00f9 les plantes en ont besoin : directement aux racines<\/li>\n<li>Peut \u00eatre facilement coup\u00e9 \u00e0 la taille<\/li>\n<li>Id\u00e9al pour les sols sans tourbe<\/li>\n<li>Le filet extr\u00eamement flexible s&#8217;adapte parfaitement au sol,\u00a0favorisant la croissance des plantes et r\u00e9duisant l&#8217;\u00e9rosion potentielle.<\/li>\n<\/ul>\n<p>&nbsp;<\/p>\n<p><iframe loading=\"lazy\" title=\"\ud83c\udf31COMMENT \u00c9CONOMISER L&#039;EAU dans l&#039;IRRIGATION de la PELOUSE et des ARBRES avec LITE-NET #economiser\" width=\"500\" height=\"281\" src=\"https:\/\/www.youtube.com\/embed\/GG2hjQpoVe0?feature=oembed\" frameborder=\"0\" allow=\"accelerometer; autoplay; clipboard-write; encrypted-media; gyroscope; picture-in-picture; web-share\" referrerpolicy=\"strict-origin-when-cross-origin\" allowfullscreen><\/iframe><\/p>\n<p>Pour les grands projets, veuillez nous contacter\u00a0<a href=\"https:\/\/lite-soil.com\/fr\/about\/#contact_us\">ici<\/a>.<\/p>\n","protected":false},"excerpt":{"rendered":"<p data-start=\"92\" data-end=\"213\">R\u00e9servoir d&#8217;eau pour plantes en forme de filet<\/p>\n<p data-start=\"92\" data-end=\"213\">Le filet de r\u00e9tention d\u2019eau LITE-NET Bio1 alimente les plantes sur une large surface, \u00e0 la mani\u00e8re d\u2019une veine d\u2019eau.<\/p>\n<p data-start=\"215\" data-end=\"362\" data-is-last-node=\"\" data-is-only-node=\"\"><strong data-start=\"215\" data-end=\"228\">Surface :<\/strong> 0,8 m\u00b2 | 2,1 m\u00b2 | 10,4 m\u00b2 | 28 m\u00b2<br data-start=\"262\" data-end=\"265\" \/><strong data-start=\"265\" data-end=\"279\">Mat\u00e9riau :<\/strong> fibres de cellulose 100 %. Biod\u00e9gradable en 1 \u00e0 2 ans.<br data-start=\"334\" data-end=\"337\" \/>Fabriqu\u00e9 en Autriche.<\/p>\n<p data-start=\"215\" data-end=\"362\" data-is-last-node=\"\" data-is-only-node=\"\">LITE-SOIL a re\u00e7u le label de qualit\u00e9 \u00ab Natur im Garten \u00bb pour LITE-NET Bio1 0,8 m\u00b2 !<\/p>\n","protected":false},"featured_media":261,"comment_status":"closed","ping_status":"closed","template":"","meta":[],"product_brand":[],"product_cat":[88],"product_tag":[26,74,75,76,77,78,81,82,83,89],"class_list":{"0":"post-547","1":"product","2":"type-product","3":"status-publish","4":"has-post-thumbnail","6":"product_cat-lite-net","7":"product_tag-urban-gardening","8":"product_tag-athletic-fields","9":"product_tag-bushes-shrubs","10":"product_tag-lawns","11":"product_tag-planting-beds","12":"product_tag-raised-planting-beds","13":"product_tag-soccer-fields","14":"product_tag-trees","15":"product_tag-vegetable-beds","16":"product_tag-slopes-vegetation","18":"first","19":"instock","20":"taxable","21":"shipping-taxable","22":"purchasable","23":"product-type-variable"},"_links":{"self":[{"href":"https:\/\/lite-soil.com\/fr\/wp-json\/wp\/v2\/product\/547","targetHints":{"allow":["GET"]}}],"collection":[{"href":"https:\/\/lite-soil.com\/fr\/wp-json\/wp\/v2\/product"}],"about":[{"href":"https:\/\/lite-soil.com\/fr\/wp-json\/wp\/v2\/types\/product"}],"replies":[{"embeddable":true,"href":"https:\/\/lite-soil.com\/fr\/wp-json\/wp\/v2\/comments?post=547"}],"wp:featuredmedia":[{"embeddable":true,"href":"https:\/\/lite-soil.com\/fr\/wp-json\/wp\/v2\/media\/261"}],"wp:attachment":[{"href":"https:\/\/lite-soil.com\/fr\/wp-json\/wp\/v2\/media?parent=547"}],"wp:term":[{"taxonomy":"product_brand","embeddable":true,"href":"https:\/\/lite-soil.com\/fr\/wp-json\/wp\/v2\/product_brand?post=547"},{"taxonomy":"product_cat","embeddable":true,"href":"https:\/\/lite-soil.com\/fr\/wp-json\/wp\/v2\/product_cat?post=547"},{"taxonomy":"product_tag","embeddable":true,"href":"https:\/\/lite-soil.com\/fr\/wp-json\/wp\/v2\/product_tag?post=547"}],"curies":[{"name":"wp","href":"https:\/\/api.w.org\/{rel}","templated":true}]}}