{"id":552,"date":"2025-05-25T17:15:21","date_gmt":"2025-05-25T17:15:21","guid":{"rendered":"https:\/\/lite-soil.com\/?post_type=product&#038;p=552"},"modified":"2025-12-16T10:41:40","modified_gmt":"2025-12-16T10:41:40","slug":"lite-net-bio5","status":"publish","type":"product","link":"https:\/\/lite-soil.com\/fr\/product\/lite-net-bio5\/","title":{"rendered":"LITE-NET <br> Bio5"},"content":{"rendered":"<p>R\u00e9servoirs d&#8217;eau d\u00e9gradables pour les plantes &#8211; Le rouleau de stockage d&#8217;eau LITE-NET\u00a0Bio5\u00a0stocke et distribue l&#8217;eau et l&#8217;air et est\u00a0100% biod\u00e9gradable\/compostable.Apr\u00e8s environ 5 \u00e0 10 ans, LITE-NET est enti\u00e8rement biod\u00e9gradable ou compost\u00e9. Le rouleau LITE-NET\u00a0se compose de jusqu&#8217;\u00e0 90 % de pores \u00e0 l&#8217;air libre, dans lesquels sont stock\u00e9s jusqu&#8217;\u00e0 16,4 l d&#8217;eau et, comme un r\u00e9seau de veines, dirig\u00e9s vers l&#8217;endroit o\u00f9 les plantes en ont le plus besoin :\u00a0vers les racines.\u00a0Die Rolle des LITE-NETWassernetzes wird einfach auf die 4- bis 5-fache Breite ausgebreitet und bis zu den Wurzeln mit Erde bedeckt.<\/p>\n<p><strong>100% BIOD\u00c9GRADABLE<\/strong> ! Apr\u00e8s environ 5 \u00e0 10 ans, LITE-NET est enti\u00e8rement biod\u00e9gradable ou compost\u00e9. 70% de polylactide (PLA) 30% de fibres de cellulose, qui ont \u00e9t\u00e9 fabriqu\u00e9es en Autriche.<\/p>\n<p>&nbsp;<\/p>\n<h3>Produit<\/h3>\n<h3>Lite-Net Bio5<\/h3>\n<p>70 % PLA + 30 % cellulose<br \/>\n100 % biol. d\u00e9gradable\/compostable<br \/>\nDur\u00e9e de vie d&#8217;environ 5 \u00e0 10 ans<br \/>\nPour les plantes vivaces, r\u00e9utilisable<\/p>\n<p><strong>Taille \u2013 Prix<\/strong><\/p>\n<ul>\n<li><strong>2,1 m\u00b2<\/strong> (1,3 x 1,6 m) &#8211; <strong>\u20ac\u00a0<\/strong><strong>25,90<\/strong> (\u20ac 12,33\/m\u00b2)<\/li>\n<li><strong>10,4 m\u00b2<\/strong> (1,3 x 8 m) &#8211; <strong>\u20ac\u00a0<\/strong><strong>79,50<\/strong> (\u20ac 7,64\/m\u00b2)<\/li>\n<li><strong>28 m\u00b2 <\/strong>(1,75 x 16 m) &#8211;<strong>\u20ac\u00a0<\/strong><strong>175,00 <\/strong>(\u20ac 6,25\/m\u00b2)<\/li>\n<\/ul>\n<h3>Instructions d&#8217;installation<\/h3>\n<p><a href=\"https:\/\/lite-soil.com\/fr\/trees-shrubs-bushes\/\">ARBRES, ARBUSTES ET BUISSONS<\/a>: Enroulez un morceau de LITE-NET\u00a0convenablement coup\u00e9 autour de la motte pour canaliser l&#8217;eau et l&#8217;air de la surface directement vers les racines. Comme r\u00e9servoir d&#8217;eau suppl\u00e9mentaire, placez un autre LITE-NET\u00a0horizontalement dans la fosse de l&#8217;arbre. Cela permet d&#8217;assurer un approvisionnement optimal de l&#8217;espace racinaire profond.<\/p>\n<p><a href=\"https:\/\/lite-soil.com\/fr\/slopes-vegetation-permanent-greening\/\">TALUS\/CROISSANCE<\/a>: Sur les pentes, le LITE-NET\u00a0est pos\u00e9 en surface comme aide \u00e0 la croissance.<\/p>\n<p><a href=\"https:\/\/lite-soil.com\/fr\/raised-planting-beds-garden-beds-vegetable-beds\/\">POTAGERS SUR\u00c9LEV\u00c9S<\/a><a href=\"https:\/\/www.lite-soil-shop.com\/anwendungen-und-beipiele\/boeschungsbegruenung\/\">,\u00a0<\/a><a href=\"https:\/\/lite-soil.com\/fr\/lawn-rolled-turf\/\">PELOUSE, TERRAINS DE SPORT<\/a><strong>:<\/strong>Ins\u00e9rez le LITE-NET\u00a0\u00e9tendu \u00e0 la profondeur de la racine. Terre au-dessus (id\u00e9alement m\u00e9lang\u00e9e avec des\u00a0LITE-STRIPS), pr\u00eat.<\/p>\n<h3>Avantages<\/h3>\n<ul>\n<li>Seulement la moiti\u00e9 de l&#8217;arrosage<\/li>\n<li>Distribue l&#8217;eau et l&#8217;air exactement l\u00e0 o\u00f9 les plantes en ont besoin : directement aux racines<\/li>\n<li>les racines peuvent se d\u00e9velopper gr\u00e2ce au r\u00e9seau<\/li>\n<li>Peut \u00eatre facilement coup\u00e9 \u00e0 la taille<\/li>\n<li>Installation simple<\/li>\n<li>Id\u00e9al pour les sols sans tourbe<\/li>\n<li>Le filet extr\u00eamement flexible s&#8217;adapte parfaitement au sol,\u00a0favorisant la croissancedes plantes et\u00a0r\u00e9duisant l&#8217;\u00e9rosion potentielle.<\/li>\n<\/ul>\n<p><iframe loading=\"lazy\" title=\"\ud83c\udf31COMMENT \u00c9CONOMISER L&#039;EAU dans l&#039;IRRIGATION de la PELOUSE et des ARBRES avec LITE-NET #economiser\" width=\"500\" height=\"281\" src=\"https:\/\/www.youtube.com\/embed\/GG2hjQpoVe0?feature=oembed\" frameborder=\"0\" allow=\"accelerometer; autoplay; clipboard-write; encrypted-media; gyroscope; picture-in-picture; web-share\" referrerpolicy=\"strict-origin-when-cross-origin\" allowfullscreen><\/iframe><\/p>\n<p>Pour les grands projets, veuillez nous contacter\u00a0<a href=\"https:\/\/lite-soil.com\/es\/about\/#contact_us\">ici<\/a>.<\/p>\n","protected":false},"excerpt":{"rendered":"<p>R\u00e9servoir d\u2019eau pour plantes en forme de filet<\/p>\n<p data-start=\"92\" data-end=\"213\">Le filet de r\u00e9tention d\u2019eau LITE-NET Bio 5 alimente les plantes sur une large surface, \u00e0 la mani\u00e8re d\u2019une veine d\u2019eau.<\/p>\n<p data-start=\"215\" data-end=\"362\" data-is-last-node=\"\" data-is-only-node=\"\"><strong>Surface<\/strong> :\u00a0 2,1 m\u00b2 | 10,4 m\u00b2 | 28 m\u00b2<br data-start=\"262\" data-end=\"265\" \/><strong>Mat\u00e9riau<\/strong> : 70% de polylactide (PLA) 30% de fibres de cellulose. Biod\u00e9gradable en 5 \u00e0 10 ans.<br data-start=\"334\" data-end=\"337\" \/>Fabriqu\u00e9 en Autriche.<\/p>\n","protected":false},"featured_media":273,"comment_status":"closed","ping_status":"closed","template":"","meta":[],"product_brand":[],"product_cat":[88],"product_tag":[26,74,75,76,77,78,80,81,82,83,89],"class_list":{"0":"post-552","1":"product","2":"type-product","3":"status-publish","4":"has-post-thumbnail","6":"product_cat-lite-net","7":"product_tag-urban-gardening","8":"product_tag-athletic-fields","9":"product_tag-bushes-shrubs","10":"product_tag-lawns","11":"product_tag-planting-beds","12":"product_tag-raised-planting-beds","13":"product_tag-slope-vegetation","14":"product_tag-soccer-fields","15":"product_tag-trees","16":"product_tag-vegetable-beds","17":"product_tag-slopes-vegetation","19":"first","20":"instock","21":"taxable","22":"shipping-taxable","23":"purchasable","24":"product-type-variable"},"_links":{"self":[{"href":"https:\/\/lite-soil.com\/fr\/wp-json\/wp\/v2\/product\/552","targetHints":{"allow":["GET"]}}],"collection":[{"href":"https:\/\/lite-soil.com\/fr\/wp-json\/wp\/v2\/product"}],"about":[{"href":"https:\/\/lite-soil.com\/fr\/wp-json\/wp\/v2\/types\/product"}],"replies":[{"embeddable":true,"href":"https:\/\/lite-soil.com\/fr\/wp-json\/wp\/v2\/comments?post=552"}],"wp:featuredmedia":[{"embeddable":true,"href":"https:\/\/lite-soil.com\/fr\/wp-json\/wp\/v2\/media\/273"}],"wp:attachment":[{"href":"https:\/\/lite-soil.com\/fr\/wp-json\/wp\/v2\/media?parent=552"}],"wp:term":[{"taxonomy":"product_brand","embeddable":true,"href":"https:\/\/lite-soil.com\/fr\/wp-json\/wp\/v2\/product_brand?post=552"},{"taxonomy":"product_cat","embeddable":true,"href":"https:\/\/lite-soil.com\/fr\/wp-json\/wp\/v2\/product_cat?post=552"},{"taxonomy":"product_tag","embeddable":true,"href":"https:\/\/lite-soil.com\/fr\/wp-json\/wp\/v2\/product_tag?post=552"}],"curies":[{"name":"wp","href":"https:\/\/api.w.org\/{rel}","templated":true}]}}