{"id":560,"date":"2025-05-25T17:15:29","date_gmt":"2025-05-25T17:15:29","guid":{"rendered":"https:\/\/lite-soil.com\/?post_type=product&#038;p=560"},"modified":"2025-11-13T13:26:04","modified_gmt":"2025-11-13T13:26:04","slug":"lite-pot-xl","status":"publish","type":"product","link":"https:\/\/lite-soil.com\/fr\/product\/lite-pot-xl\/","title":{"rendered":"LITE-POT XL: <br> 85 x 200 cm"},"content":{"rendered":"<p>Non-tiss\u00e9 de r\u00e9tention d&#8217;eau et de drainage pour grands pots et bacs \u00e0 plantes \u00e0 d\u00e9couper soi-m\u00eame ! D&#8217;une part, la couche de non-tiss\u00e9 LITE-POT XL de 13 mm d&#8217;\u00e9paisseur emmagasine l&#8217;eau en exc\u00e8s comme une \u00e9ponge et, d&#8217;autre part, elle draine l&#8217;eau exc\u00e9dentaire par les trous d&#8217;\u00e9coulement au fond du pot. De cette mani\u00e8re, les plantes ne peuvent pas non plus \u00eatre trop arros\u00e9es. Polyester 100 % recycl\u00e9 et est fabriqu\u00e9 en Autriche.<\/p>\n<p>Gr\u00e2ce aux trous combin\u00e9s \u00e0 la couche de non-tiss\u00e9 au fond, les racines peuvent \u00e9galement \u00eatre a\u00e9r\u00e9es par le bas sur toute la surface. La doublure en non-tiss\u00e9 LITE-POT XL stocke l&#8217;eau et la restitue plus tard \u00e0 la plante en cas de besoin. LITE-\u00a0POT XL vous \u00e9pargne l&#8217;arrosage quotidien et simplifie l&#8217;entretien de vos plantes. Le voile de r\u00e9tention d&#8217;eau recycl\u00e9 peut \u00eatre r\u00e9utilis\u00e9 plusieurs fois et stocke environ 12 l\/m<sup>2\u00a0<\/sup>d&#8217;eau.<\/p>\n<p>De plus, cela emp\u00eache l&#8217;\u00e9clatement en hiver \u00e0 cause de l&#8217;accumulation d&#8217;eau. Gr\u00e2ce \u00e0 sa fonction de filtre, la terre est retenue et r\u00e9duit ainsi la pollution du sol ou de la terrasse\/du balcon environnant.<\/p>\n<p><strong>100% <\/strong><strong data-start=\"275\" data-end=\"328\">DURABLE, RECYCL\u00c9, R\u00c9SISTANT ET R\u00c9UTILISABLE<\/strong><\/p>\n<p><strong>Application<\/strong><\/p>\n<p><a href=\"https:\/\/lite-soil.com\/fr\/pots-planters-balcony-boxes\/\">BALCONNI\u00c8RES,\u00a0POTS, BACS \u00c0 PLANTES<\/a><\/p>\n<p><strong>Instructions d&#8217;installation<\/strong><\/p>\n<p>LITE-POT XL\u00a0est tr\u00e8s facile \u00e0 utiliser ! Posez LITE-POT XL\u00a0au fond du\u00a0bac \u00e0 plantes, id\u00e9alement avec le c\u00f4t\u00e9 un peu plus dense sur le dessus. Si n\u00e9cessaire, il suffit de le d\u00e9couper, la doublure en non-tiss\u00e9 peut aussi \u00eatre l\u00e9g\u00e8rement relev\u00e9e sur les c\u00f4t\u00e9s. Ajoutez de la terre par-dessus, plantez, arrosez suffisamment, c&#8217;est tout ! Id\u00e9al pour une combinaison avec nos LITE-STRIPS.<\/p>\n<p><strong>Avantages<\/strong><\/p>\n<ul>\n<li>Approvisionne vos plantes en eau pendant plusieurs jours<\/li>\n<li>R\u00e9utilisable<\/li>\n<li>Peut \u00eatre facilement coup\u00e9 \u00e0 la taille<\/li>\n<li>Id\u00e9al pour les absences prolong\u00e9es comme les vacances, les voyages d&#8217;affaires<\/li>\n<li>Les plantes ne peuvent pas \u00eatre arros\u00e9es<\/li>\n<li>La pollution par la terre est r\u00e9duite<\/li>\n<li>A\u00e9ration de la surface des racines par le bas<\/li>\n<\/ul>\n<p><strong>Quantit\u00e9 &#038; taille<\/strong><\/p>\n<p>1 pc. 85 x 200 cm, 13 mm d&#8217;\u00e9paisseur.<\/p>\n<div class=\"fluid-width-video-wrapper\"><iframe title=\"INSERT EN NON-TISS\u00c9 POUR BALCONNI\u00c8RES ET POTS\ud83e\udeb4 LITE-POT #economiser\" src=\"https:\/\/www.youtube.com\/embed\/Hm_ZHFlclc0?feature=oembed\" name=\"fitvid0\" allowfullscreen=\"allowfullscreen\" data-mce-fragment=\"1\"><\/iframe><\/div>\n<p>Pour les grands projets, veuillez nous contacter\u00a0<a href=\"https:\/\/lite-soil.com\/fr\/about\/#contact_us\">ici<\/a>.<\/p>\n","protected":false},"excerpt":{"rendered":"<p data-start=\"40\" data-end=\"156\">Insert en non-tiss\u00e9 pour la r\u00e9tention d\u2019eau et le drainage, \u00e0 d\u00e9couper soi-m\u00eame, pour grands pots et jardini\u00e8res<\/p>\n<p data-start=\"158\" data-end=\"273\">L\u2019insert en non-tiss\u00e9 LITE-POT XL stocke l\u2019eau et la restitue ensuite \u00e0 la plante lorsque celle-ci en a besoin.<\/p>\n<p data-start=\"275\" data-end=\"328\"><strong data-start=\"275\" data-end=\"328\">100\u202f% DURABLE, RECYCL\u00c9, R\u00c9SISTANT ET R\u00c9UTILISABLE<\/strong><\/p>\n<p data-start=\"330\" data-end=\"354\" data-is-last-node=\"\" data-is-only-node=\"\">Fabriqu\u00e9 en Autriche<\/p>\n","protected":false},"featured_media":283,"comment_status":"closed","ping_status":"closed","template":"","meta":[],"product_brand":[],"product_cat":[99],"product_tag":[26,68],"class_list":{"0":"post-560","1":"product","2":"type-product","3":"status-publish","4":"has-post-thumbnail","6":"product_cat-lite-pot_holiday-bag","7":"product_tag-urban-gardening","8":"product_tag-balcony-boxes","10":"first","11":"instock","12":"taxable","13":"shipping-taxable","14":"purchasable","15":"product-type-simple"},"_links":{"self":[{"href":"https:\/\/lite-soil.com\/fr\/wp-json\/wp\/v2\/product\/560","targetHints":{"allow":["GET"]}}],"collection":[{"href":"https:\/\/lite-soil.com\/fr\/wp-json\/wp\/v2\/product"}],"about":[{"href":"https:\/\/lite-soil.com\/fr\/wp-json\/wp\/v2\/types\/product"}],"replies":[{"embeddable":true,"href":"https:\/\/lite-soil.com\/fr\/wp-json\/wp\/v2\/comments?post=560"}],"wp:featuredmedia":[{"embeddable":true,"href":"https:\/\/lite-soil.com\/fr\/wp-json\/wp\/v2\/media\/283"}],"wp:attachment":[{"href":"https:\/\/lite-soil.com\/fr\/wp-json\/wp\/v2\/media?parent=560"}],"wp:term":[{"taxonomy":"product_brand","embeddable":true,"href":"https:\/\/lite-soil.com\/fr\/wp-json\/wp\/v2\/product_brand?post=560"},{"taxonomy":"product_cat","embeddable":true,"href":"https:\/\/lite-soil.com\/fr\/wp-json\/wp\/v2\/product_cat?post=560"},{"taxonomy":"product_tag","embeddable":true,"href":"https:\/\/lite-soil.com\/fr\/wp-json\/wp\/v2\/product_tag?post=560"}],"curies":[{"name":"wp","href":"https:\/\/api.w.org\/{rel}","templated":true}]}}