{"id":938,"date":"2025-06-16T21:18:25","date_gmt":"2025-06-16T21:18:25","guid":{"rendered":"https:\/\/lite-soil.com\/?post_type=product&#038;p=938"},"modified":"2025-11-13T12:01:06","modified_gmt":"2025-11-13T12:01:06","slug":"lite-strips-bio5","status":"publish","type":"product","link":"https:\/\/lite-soil.com\/fr\/product\/lite-strips-bio5\/","title":{"rendered":"LITE-STRIPS <br> Bio5"},"content":{"rendered":"<h3>Stockage de l&#8217;eau pour les plantes<\/h3>\n<p>Les\u00a0LITE-STRIPS Bio5 sont simplement m\u00e9lang\u00e9s \u00e0 la terre. Cela signifie que de nombreux r\u00e9servoirs d&#8217;eau sont situ\u00e9s directement pr\u00e8s des racines. Les plantes peuvent donc acc\u00e9der beaucoup plus facilement et efficacement \u00e0 l&#8217;eau contenue dans la toison d&#8217;irrigation. Les LITE-STRIPS Bio5\u00a0ne peuvent pas \u00eatre trop arros\u00e9s, \u00e9conomisent l&#8217;eau et rendent la terre plus perm\u00e9able. Fabriqu\u00e9es en Autriche.<\/p>\n<p><strong>100% BIOLOGIQUEMENT COMPOSTABLE<\/strong><\/p>\n<p>Les bandes de r\u00e9tention d&#8217;eau biologiques Bio5 sont enti\u00e8rement biod\u00e9grad\u00e9es ou compost\u00e9es apr\u00e8s environ 5 \u00e0 10 ans.<\/p>\n<p>&nbsp;<\/p>\n<h3>Product<\/h3>\n<h3>Lite-Strips Bio5<\/h3>\n<p>70 % PLA + 30 % cellulose<br \/>\n100 % biol. d\u00e9gradable\/compostable<br \/>\nDur\u00e9e de vie d&#8217;environ 5 \u00e0 10 ans<br \/>\nPour les plantes vivaces &#038; multifonctionnel<\/p>\n<p><strong>Unit\u00e9 &#8211; Prix &#8211; Jusqu&#8217;\u00e0<\/strong><\/p>\n<ul>\n<li><strong>2,5 l<\/strong> (120 g ) &#8211; <strong>\u20ac\u00a0<\/strong><strong>16,50<\/strong> (\u20ac 6,6\/l) &#8211; <strong>50 l terre<\/strong> (5 m\u00b2 gazon)<\/li>\n<li><strong>10 l<\/strong> (480 g ) &#8211; <strong>\u20ac\u00a0<\/strong><strong>42,00 <\/strong>(\u20ac 4,2\/l) &#8211; <strong>200 l\u00a0<\/strong><strong>terre <\/strong>(20 m\u00b2 gazon)<\/li>\n<li><strong>25 l<\/strong> (1200 g ) &#8211; <strong>\u20ac\u00a0<\/strong><strong>79,80 <\/strong>(\u20ac 3,19\/l) &#8211; <strong>500 l\u00a0<\/strong><strong>de terre <\/strong>(50 m\u00b2 gazon)<\/li>\n<\/ul>\n<h3><\/h3>\n<h3>Instructions d&#8217;installation<\/h3>\n<p><a href=\"https:\/\/lite-soil.com\/fr\/trees-shrubs-bushes\/\">ARBRES, ARBUSTES ET BUISSONS<\/a>: M\u00e9langez environ 10 \u00e0 20 litres par trou dans le sol pr\u00e8s de la motte de racines.<\/p>\n<p><a href=\"https:\/\/lite-soil.com\/fr\/raised-planting-beds-garden-beds-vegetable-beds\/\">POTAGERS SUR\u00c9LEV\u00c9S<\/a> &#038; <a href=\"https:\/\/lite-soil.com\/fr\/pots-planters-balcony-boxes\/\">AUGES<\/a><b>:<\/b> M\u00e9langer environ 5 \u00e0 10 % du volume dans le sol. Les LITE-STRIPS Bio5\u00a0aident les plantes \u00e0 survivre \u00e0 de plus longues p\u00e9riodes de s\u00e9cheresse.<\/p>\n<p><a href=\"https:\/\/lite-soil.com\/fr\/lawn-rolled-turf\/\">PELOUSE, TERRAINS DE SPORT<\/a> &#038; <a href=\"https:\/\/lite-soil.com\/fr\/slopes-vegetation-permanent-greening\/\">TALUS<\/a>:M\u00e9langez environ 1 litre de\u00a0LITE-STRIPS Bio5\u00a0par m\u00b2 dans le sol jusqu&#8217;\u00e0 la profondeur des racines, par exemple avec un r\u00e2teau.<\/p>\n<p><a href=\"https:\/\/lite-soil.com\/fr\/roof-greening\/\">VERDISSEMENT DE TOITS<\/a>: M\u00e9langer environ 1-2 l de LITE-STRIPS par m\u00b2 dans le support, en fonction de l&#8217;\u00e9paisseur de la structure.<\/p>\n<h3>Avantages<\/h3>\n<ul>\n<li>Seulement la moiti\u00e9 de l&#8217;arrosage<\/li>\n<li>Pour l&#8217;int\u00e9rieur et l&#8217;ext\u00e9rieur<\/li>\n<li>Stockage de l\u2019eau \u00e0 proximit\u00e9 des racines<\/li>\n<li>Am\u00e9liore durablement la croissance<\/li>\n<li>All\u00e8ge et a\u00e8re le sol<\/li>\n<li>Particuli\u00e8rement adapt\u00e9 pour les sols sans tourbe<\/li>\n<\/ul>\n<p>1 kilo LITE-STRIPS Bio1 store up to 10 litres of water!<\/p>\n<p><iframe loading=\"lazy\" title=\"\ud83d\udca7la M\u00c9THODE D\u00c9FINITIVE d&#039;\u00c9CONOMIE D&#039;EAU pour les plantes LITE-STRIPS  #economiser\" width=\"500\" height=\"281\" src=\"https:\/\/www.youtube.com\/embed\/rnPJuyw76TY?feature=oembed\" frameborder=\"0\" allow=\"accelerometer; autoplay; clipboard-write; encrypted-media; gyroscope; picture-in-picture; web-share\" referrerpolicy=\"strict-origin-when-cross-origin\" allowfullscreen><\/iframe><\/p>\n<p>Pour les grands projets, veuillez nous contacter\u00a0<a href=\"https:\/\/lite-soil.com\/fr\/about\/#contact_us\">ici<\/a>.<\/p>\n","protected":false},"excerpt":{"rendered":"<p>R\u00e9servoirs d\u2019eau biod\u00e9gradables\/compostables pour les plantes.<\/p>\n<p>Les LITE-STRIPS Bio5 plac\u00e9s pr\u00e8s des racines sont des bandes de non-tiss\u00e9 qui sont m\u00e9lang\u00e9es \u00e0 la terre pour \u00e9conomiser l\u2019eau et le temps d\u2019arrosage.<br \/>\nId\u00e9al pour les plantes en pot, les plantes de balcon, les plates-bandes sur\u00e9lev\u00e9es, les pelouses et autres.<\/p>\n<p>Veuillez s\u00e9lectionner le volume souhait\u00e9 :<br \/>\n<strong>Volumen<\/strong>: 2,5l | 10l | 25l<br \/>\n<strong>Mat\u00e9riau : <\/strong>bande d\u2019environ 70 x 12 x 6 mm compos\u00e9e de 70% de PLA (polylactide) + 30% de fibres de cellulose.\u00a0Fabriqu\u00e9 en Autriche.<\/p>\n","protected":false},"featured_media":1508,"comment_status":"closed","ping_status":"closed","template":"","meta":[],"product_brand":[],"product_cat":[98],"product_tag":[79,86,85,84,83,82,81,80,78,77,76,75,74,68,26],"class_list":{"0":"post-938","1":"product","2":"type-product","3":"status-publish","4":"has-post-thumbnail","6":"product_cat-lite-strips","7":"product_tag-roof-greening","8":"product_tag-planters","9":"product_tag-flower-pots","10":"product_tag-flower-boxes","11":"product_tag-vegetable-beds","12":"product_tag-trees","13":"product_tag-soccer-fields","14":"product_tag-slope-vegetation","15":"product_tag-raised-planting-beds","16":"product_tag-planting-beds","17":"product_tag-lawns","18":"product_tag-bushes-shrubs","19":"product_tag-athletic-fields","20":"product_tag-balcony-boxes","21":"product_tag-urban-gardening","23":"first","24":"instock","25":"taxable","26":"shipping-taxable","27":"purchasable","28":"product-type-variable"},"_links":{"self":[{"href":"https:\/\/lite-soil.com\/fr\/wp-json\/wp\/v2\/product\/938","targetHints":{"allow":["GET"]}}],"collection":[{"href":"https:\/\/lite-soil.com\/fr\/wp-json\/wp\/v2\/product"}],"about":[{"href":"https:\/\/lite-soil.com\/fr\/wp-json\/wp\/v2\/types\/product"}],"replies":[{"embeddable":true,"href":"https:\/\/lite-soil.com\/fr\/wp-json\/wp\/v2\/comments?post=938"}],"wp:featuredmedia":[{"embeddable":true,"href":"https:\/\/lite-soil.com\/fr\/wp-json\/wp\/v2\/media\/1508"}],"wp:attachment":[{"href":"https:\/\/lite-soil.com\/fr\/wp-json\/wp\/v2\/media?parent=938"}],"wp:term":[{"taxonomy":"product_brand","embeddable":true,"href":"https:\/\/lite-soil.com\/fr\/wp-json\/wp\/v2\/product_brand?post=938"},{"taxonomy":"product_cat","embeddable":true,"href":"https:\/\/lite-soil.com\/fr\/wp-json\/wp\/v2\/product_cat?post=938"},{"taxonomy":"product_tag","embeddable":true,"href":"https:\/\/lite-soil.com\/fr\/wp-json\/wp\/v2\/product_tag?post=938"}],"curies":[{"name":"wp","href":"https:\/\/api.w.org\/{rel}","templated":true}]}}