{"id":948,"date":"2025-06-16T21:21:21","date_gmt":"2025-06-16T21:21:21","guid":{"rendered":"https:\/\/lite-soil.com\/?post_type=product&#038;p=948"},"modified":"2025-11-13T12:06:24","modified_gmt":"2025-11-13T12:06:24","slug":"lite-strips-pp","status":"publish","type":"product","link":"https:\/\/lite-soil.com\/fr\/product\/lite-strips-pp\/","title":{"rendered":"LITE-STRIPS  <br> PP"},"content":{"rendered":"<p data-start=\"53\" data-end=\"90\"><strong data-start=\"53\" data-end=\"88\">Stockage d\u2019eau pour les plantes<\/strong><\/p>\n<p data-start=\"92\" data-end=\"530\">Comme les bandes de r\u00e9tention d\u2019eau LITE-STRIPS PP sont plac\u00e9es directement \u00e0 proximit\u00e9 des racines, les plantes peuvent acc\u00e9der plus facilement et plus efficacement \u00e0 l\u2019eau lorsque cela est n\u00e9cessaire, ce qui permet d\u2019espacer les intervalles d\u2019arrosage. Les Lite-Strips allong\u00e9s acheminent l\u2019eau de la surface vers les racines, rendant les sols denses plus perm\u00e9ables et agissant comme un am\u00e9liorateur de substrat. Produit en Autriche.<\/p>\n<p data-start=\"532\" data-end=\"570\"><strong data-start=\"532\" data-end=\"568\">Durable et durable dans le temps<\/strong><\/p>\n<p data-start=\"572\" data-end=\"762\">La variante Lite-Strip PP, durable et respectueuse de l\u2019environnement, est fabriqu\u00e9e \u00e0 100 % en fibres de polypropyl\u00e8ne et convient aux plantes vivaces ainsi qu\u2019\u00e0 l\u2019irrigation souterraine.<\/p>\n<p>&nbsp;<\/p>\n<h3>Produit<\/h3>\n<h3>Lite-Strips PP<\/h3>\n<p>100 % Polypropyl\u00e8ne<br \/>\nDurables et durables<br \/>\nPour les plantes vivaces,<br \/>\nl&#8217;irrigation souterraine et multifonctionnel<\/p>\n<p>&nbsp;<\/p>\n<p><strong>Unit\u00e9 \u2013 Prix \u2013 Jusqu\u2019\u00e0<\/strong><\/p>\n<ul>\n<li><strong>2,5 l<\/strong> (120 g ) \u2013 <strong>\u20ac\u00a0<\/strong><strong>16,50<\/strong> (\u20ac 6,6\/l) \u2013 <strong>50 l terre<\/strong> (5 m\u00b2 gazon)<\/li>\n<li><strong>10 l<\/strong> (480 g ) \u2013 <strong>\u20ac\u00a0<\/strong><strong>42,00 <\/strong>(\u20ac 4,2\/l) \u2013 <strong>200 l\u00a0terre <\/strong>(20 m\u00b2 gazon)<\/li>\n<li><strong>25 l<\/strong> (1200 g ) \u2013 <strong>\u20ac\u00a0<\/strong><strong>79,80 <\/strong>(\u20ac 3,19\/l) \u2013 <strong>500 l\u00a0de terre <\/strong>(50 m\u00b2 gazon)<\/li>\n<\/ul>\n<p>&nbsp;<\/p>\n<p><strong>Instructions d\u2019installation<\/strong><\/p>\n<p><a href=\"https:\/\/lite-soil.com\/fr\/trees-shrubs-bushes\/\">ARBRES, ARBUSTES ET BUISSONS<\/a>: M\u00e9langez environ 10 \u00e0 20 litres par trou dans le sol pr\u00e8s de la motte de racines.<\/p>\n<p><a href=\"https:\/\/lite-soil.com\/fr\/raised-planting-beds-garden-beds-vegetable-beds\/\">POTAGERS SUR\u00c9LEV\u00c9S<\/a>\u00a0&#038;\u00a0<a href=\"https:\/\/lite-soil.com\/fr\/pots-planters-balcony-boxes\/\">AUGES<\/a><strong>:<\/strong> M\u00e9langer environ 5 \u00e0 10 % du volume dans le sol. Les LITE-STRIPS PP aident les plantes \u00e0 survivre \u00e0 de plus longues p\u00e9riodes de s\u00e9cheresse.<\/p>\n<p><a href=\"https:\/\/lite-soil.com\/fr\/lawn-rolled-turf\/\">PELOUSE, TERRAINS DE SPORT<\/a>\u00a0&#038;\u00a0<a href=\"https:\/\/lite-soil.com\/fr\/slopes-vegetation-permanent-greening\/\">TALUS<\/a>:M\u00e9langez environ 0,5- 1 litre de LITE-STRIPS PP par m\u00b2 dans le sol jusqu\u2019\u00e0 la profondeur des racines, par exemple avec un r\u00e2teau.<\/p>\n<p><a href=\"https:\/\/lite-soil.com\/fr\/roof-greening\/\">VERDISSEMENT DE TOITS<\/a>: M\u00e9langer environ 1 l de LITE-STRIPS PP par m\u00b2 dans le support, en fonction de l\u2019\u00e9paisseur de la structure.<\/p>\n<p><strong>Avantages<\/strong><\/p>\n<ul>\n<li>Seulement la moiti\u00e9 de l\u2019arrosage<\/li>\n<li>Pour l\u2019int\u00e9rieur et l\u2019ext\u00e9rieur<\/li>\n<li>Stockage de l\u2019eau \u00e0 proximit\u00e9 des racines<\/li>\n<li>Am\u00e9liore durablement la croissance<\/li>\n<li>All\u00e8ge et a\u00e8re le sol<\/li>\n<li>Particuli\u00e8rement adapt\u00e9 pour les sols sans tourbe<\/li>\n<\/ul>\n<p>1 kilo de LITE-STRIPS permet de stocker jusqu&#8217;\u00e0 10 litres d&#8217;eau !<\/p>\n<p>&nbsp;<\/p>\n<p><iframe loading=\"lazy\" title=\"\ud83d\udca7la M\u00c9THODE D\u00c9FINITIVE d&#039;\u00c9CONOMIE D&#039;EAU pour les plantes LITE-STRIPS  #economiser\" width=\"500\" height=\"281\" src=\"https:\/\/www.youtube.com\/embed\/rnPJuyw76TY?feature=oembed\" frameborder=\"0\" allow=\"accelerometer; autoplay; clipboard-write; encrypted-media; gyroscope; picture-in-picture; web-share\" referrerpolicy=\"strict-origin-when-cross-origin\" allowfullscreen><\/iframe><\/p>\n<p>Pour les projets de grande envergure, veuillez nous contacter <a href=\"https:\/\/lite-soil.com\/fr\/about\/#contact_us\">ici<\/a>.<\/p>\n","protected":false},"excerpt":{"rendered":"<p data-start=\"46\" data-end=\"105\">Stockage d\u2019eau durable et \u00e9cologique pour les plantes<\/p>\n<p data-start=\"107\" data-end=\"377\">Les LITE-STRIPS PP, ins\u00e9r\u00e9es pr\u00e8s des racines, sont des bandes non tiss\u00e9es m\u00e9lang\u00e9es au sol pour \u00e9conomiser l\u2019eau et r\u00e9duire le temps d\u2019arrosage.<br data-start=\"252\" data-end=\"255\" \/>Id\u00e9al pour les pots, les plantes, les plantes de balcon, les plates-bandes sur\u00e9lev\u00e9es, les pelouses et bien plus encore.<\/p>\n<p data-start=\"379\" data-end=\"550\">Veuillez s\u00e9lectionner le volume souhait\u00e9 :<br data-start=\"425\" data-end=\"428\" \/><strong>Volume<\/strong> : 2,5 l | 10 l | 25 l<br data-start=\"456\" data-end=\"459\" \/><strong>Mat\u00e9riau<\/strong> : bandes d\u2019environ 70 \u00d7 12 \u00d7 6 mm en 100 % polypropyl\u00e8ne.<br data-start=\"525\" data-end=\"528\" \/>Produit en Autriche.<\/p>\n<hr data-start=\"552\" data-end=\"555\" \/>\n<p>&nbsp;<\/p>\n","protected":false},"featured_media":1513,"comment_status":"closed","ping_status":"closed","template":"","meta":[],"product_brand":[],"product_cat":[98],"product_tag":[79,86,85,84,83,82,81,80,78,77,76,75,74,68,26],"class_list":{"0":"post-948","1":"product","2":"type-product","3":"status-publish","4":"has-post-thumbnail","6":"product_cat-lite-strips","7":"product_tag-roof-greening","8":"product_tag-planters","9":"product_tag-flower-pots","10":"product_tag-flower-boxes","11":"product_tag-vegetable-beds","12":"product_tag-trees","13":"product_tag-soccer-fields","14":"product_tag-slope-vegetation","15":"product_tag-raised-planting-beds","16":"product_tag-planting-beds","17":"product_tag-lawns","18":"product_tag-bushes-shrubs","19":"product_tag-athletic-fields","20":"product_tag-balcony-boxes","21":"product_tag-urban-gardening","23":"first","24":"instock","25":"taxable","26":"shipping-taxable","27":"purchasable","28":"product-type-variable"},"_links":{"self":[{"href":"https:\/\/lite-soil.com\/fr\/wp-json\/wp\/v2\/product\/948","targetHints":{"allow":["GET"]}}],"collection":[{"href":"https:\/\/lite-soil.com\/fr\/wp-json\/wp\/v2\/product"}],"about":[{"href":"https:\/\/lite-soil.com\/fr\/wp-json\/wp\/v2\/types\/product"}],"replies":[{"embeddable":true,"href":"https:\/\/lite-soil.com\/fr\/wp-json\/wp\/v2\/comments?post=948"}],"wp:featuredmedia":[{"embeddable":true,"href":"https:\/\/lite-soil.com\/fr\/wp-json\/wp\/v2\/media\/1513"}],"wp:attachment":[{"href":"https:\/\/lite-soil.com\/fr\/wp-json\/wp\/v2\/media?parent=948"}],"wp:term":[{"taxonomy":"product_brand","embeddable":true,"href":"https:\/\/lite-soil.com\/fr\/wp-json\/wp\/v2\/product_brand?post=948"},{"taxonomy":"product_cat","embeddable":true,"href":"https:\/\/lite-soil.com\/fr\/wp-json\/wp\/v2\/product_cat?post=948"},{"taxonomy":"product_tag","embeddable":true,"href":"https:\/\/lite-soil.com\/fr\/wp-json\/wp\/v2\/product_tag?post=948"}],"curies":[{"name":"wp","href":"https:\/\/api.w.org\/{rel}","templated":true}]}}