{"id":1357,"date":"2025-06-22T21:47:58","date_gmt":"2025-06-22T21:47:58","guid":{"rendered":"https:\/\/lite-soil.com\/?post_type=product&#038;p=1357"},"modified":"2025-09-09T10:27:02","modified_gmt":"2025-09-09T10:27:02","slug":"lite-strips-bio1-cellulose","status":"publish","type":"product","link":"https:\/\/lite-soil.com\/it\/product\/lite-strips-bio1-cellulose\/","title":{"rendered":"LITE-STRIPS <br> Bio1 Cellulose"},"content":{"rendered":"<div>\n<p>Poich\u00e9 l&#8217;immagazzinamento dell&#8217;acqua per le piante si trova direttamente vicino alle radici, le piante possono accedere all&#8217;acqua pi\u00f9 facilmente ed efficacemente quando \u00e8 necessario, estendendo gli intervalli di irrigazione. Le LITE-<strong>STRIPS<\/strong> allungate attirano l&#8217;acqua dalla superficie alle radici, rendono il terreno denso pi\u00f9 permeabile e funzionano come un emendamento del substrato.<\/p>\n<p><strong>100% BIOLOGICAMENTE COMPOSTABILE<\/strong><\/p>\n<p>Le LITE-<strong>STRIPS Bio1<\/strong> sono realizzate in fibre di cellulosa e sono biodegradabili al 100% dopo circa 1-2 anni. Sono intesi come supporto nella fase di crescita o per le piante di 1 anno.<\/p>\n<p><strong>LITE-SOIL ha ricevuto il marchio di qualit\u00e0 &#8220;Natur im Garten&#8221; Natura in giardino per LITE-STRIPS Bio1 2,5L!<\/strong><\/p>\n<p>Il marchio di qualit\u00e0 &#8220;Natur im Garten&#8221; \u00e8 un aiuto all&#8217;orientamento per le persone attente all&#8217;ambiente che vogliono utilizzare prodotti da giardino ecologicamente sicuri. Tutti i prodotti da giardino rispettano i tre criteri fondamentali di &#8220;Natura in giardino&#8221;: niente pesticidi chimici di sintesi, niente fertilizzanti chimici di sintesi e niente torba.<\/p>\n<p><strong>Aree di applicazione e istruzioni di installazione<\/strong><\/p>\n<p><a href=\"https:\/\/lite-soil.com\/it\/professionals_trees\/\">ALBERI, CESPUGLI E ARBUSTI<\/a>: mescolare circa 10-20 l per albero nel terreno. LITE-<strong>STRIPS<\/strong> pu\u00f2 essere combinato molto bene con <a href=\"https:\/\/lite-soil.com\/it\/professionals_products\/#lite_net_B2B_products\">LITE-<strong>NET<\/strong><\/a>.<\/p>\n<p><a href=\"https:\/\/lite-soil.com\/it\/professionals_raisedpantingbeds\/\">AIUOLE RIALZATE\u00a0E\u00a0FIORIERE<\/a>: Per i trogoli, mescolare circa il 5-10% del volume nel terreno, per i aiuole rialzati circa 5-10l\/m\u00b2. \u00c8 necessario innaffiare meno spesso, le piante ricevono acqua anche nei periodi di siccit\u00e0 o di vacanza.<\/p>\n<p><a href=\"https:\/\/lite-soil.com\/it\/professionals_lawns_athleticfields\/\">PRATI, CAMPI SPORTIVI<\/a>\u00a0&#038;\u00a0<a href=\"https:\/\/lite-soil.com\/it\/professionals_slopes\/\">PENDII<\/a>: : mescolare circa 0,5-1,0 l di LITE-<strong>STRIPS<\/strong> per m\u00b2 nel terreno in profondit\u00e0, ad esempio con un rastrello.<\/p>\n<p><a href=\"https:\/\/lite-soil.com\/it\/professionals_lawnturf\/\">PRATI A ROTOLI<\/a>: mescolare circa 0,5 l per m\u00b2 di LITE-<strong>STRIPS<\/strong> nei primi 10 cm di terreno.<\/p>\n<p><a href=\"https:\/\/lite-soil.com\/it\/professionals_greenroofs\/\">INVERDIMENTO TETTI<\/a>: Mescolare circa 1-2 l di LITE-<strong>STRIPS<\/strong> per m\u00b2 nel substrato, a seconda dello spessore della struttura.<\/p>\n<p><strong><span style=\"font-size: 13.5pt; font-family: 'Open Sans',sans-serif; color: black;\">1 chilo di LITE-STRIPS immagazzina fino a 10 litri di acqua.<\/span><\/strong><\/p>\n<p><iframe loading=\"lazy\" title=\"\ud83d\udca7il METODO DEFINITIVO di RISPARMIO ACQUA per le piante LITE-STRIPS #risparmioidrico\" width=\"500\" height=\"281\" src=\"https:\/\/www.youtube.com\/embed\/EROd6vt2Bbo?feature=oembed\" frameborder=\"0\" allow=\"accelerometer; autoplay; clipboard-write; encrypted-media; gyroscope; picture-in-picture; web-share\" referrerpolicy=\"strict-origin-when-cross-origin\" allowfullscreen><\/iframe><\/p>\n<p>&nbsp;<\/p>\n<h4>Dimensioni dell&#8217;ordine<\/h4>\n<ul>\n<li>Box 60 l \u2192 1,2 m\u00b3 (120 m\u00b2 prati)<\/li>\n<li>Box 250 l \u2192 5 m\u00b3 (500 m\u00b2 prati)<\/li>\n<li>Box 5 X 50 l <strong>\u2192\u00a0<\/strong>5 m\u00b3 (500 m\u00b2 prati)<\/li>\n<li>BIG BAG 1 m\u00b3 = 1000 l \u2192 20 m\u00b3 (2000 m\u00b2 prati)<\/li>\n<\/ul>\n<p>&nbsp;<\/p>\n<\/div>\n<p>Per gli ordini privati, visitate il nostro sito <a href=\"https:\/\/lite-soil.com\/it\/shop-2\/\">shop<\/a>.<\/p>\n","protected":false},"excerpt":{"rendered":"<div class=\"et_pb_module et_pb_wc_title et_pb_wc_title_0_tb_body et_pb_bg_layout_light\">\n<div class=\"et_pb_module_inner\">\n<h4>L&#8217;accumulo d&#8217;acqua per le piante vicino alle radici<\/h4>\n<p>Le LITE-<strong>STRIPS Bio1<\/strong> sono strisce di tessuto non tessuto lunghe 7 cm, biodegradabili al 100%, da mescolare semplicemente al substrato. Fino al 90% del volume del tessuto non tessuto pu\u00f2 essere riempito d&#8217;acqua, aiutando cos\u00ec le piante a superare i periodi di siccit\u00e0 pi\u00f9 lunghi. 1 kg di LITE-<strong>STRIPS Bio1<\/strong> contiene fino a 10 l di acqua disponibile per le piante.<\/p>\n<p>LITE-SOIL ha ricevuto il marchio di qualit\u00e0 \u201cNatur im Garten\u201d da Nature in the Garden per LITE-STRIPS Bio1 2,5L.<\/p>\n<p><strong>Materiale<\/strong>: 100% fibre di cellulosa biodegradabili<\/p>\n<p><strong>VANTAGGI<\/strong>:<\/p>\n<ul>\n<li>Innaffia solo la met\u00e0 delle volte<\/li>\n<li>Conserva l&#8217;acqua direttamente alle radici<\/li>\n<li>Miglioramento del substrato<\/li>\n<li>Inverdimento sostenibile<\/li>\n<li>Installazione semplice e facile<\/li>\n<li>Terreno allentato e meglio aerato<\/li>\n<li>Sostituto ideale della torba<\/li>\n<li>Peso ridotto<\/li>\n<li>Apporto ottimale di acqua e aria alle piante<\/li>\n<\/ul>\n<\/div>\n<\/div>\n","protected":false},"featured_media":1482,"comment_status":"closed","ping_status":"closed","template":"","meta":[],"product_brand":[],"product_cat":[97,208,221],"product_tag":[],"class_list":{"0":"post-1357","1":"product","2":"type-product","3":"status-publish","4":"has-post-thumbnail","6":"product_cat-lite-strips_pro","7":"product_cat-pro_lite-strips","8":"product_cat-professional","10":"first","11":"outofstock","12":"taxable","13":"shipping-taxable","14":"product-type-simple"},"_links":{"self":[{"href":"https:\/\/lite-soil.com\/it\/wp-json\/wp\/v2\/product\/1357","targetHints":{"allow":["GET"]}}],"collection":[{"href":"https:\/\/lite-soil.com\/it\/wp-json\/wp\/v2\/product"}],"about":[{"href":"https:\/\/lite-soil.com\/it\/wp-json\/wp\/v2\/types\/product"}],"replies":[{"embeddable":true,"href":"https:\/\/lite-soil.com\/it\/wp-json\/wp\/v2\/comments?post=1357"}],"wp:featuredmedia":[{"embeddable":true,"href":"https:\/\/lite-soil.com\/it\/wp-json\/wp\/v2\/media\/1482"}],"wp:attachment":[{"href":"https:\/\/lite-soil.com\/it\/wp-json\/wp\/v2\/media?parent=1357"}],"wp:term":[{"taxonomy":"product_brand","embeddable":true,"href":"https:\/\/lite-soil.com\/it\/wp-json\/wp\/v2\/product_brand?post=1357"},{"taxonomy":"product_cat","embeddable":true,"href":"https:\/\/lite-soil.com\/it\/wp-json\/wp\/v2\/product_cat?post=1357"},{"taxonomy":"product_tag","embeddable":true,"href":"https:\/\/lite-soil.com\/it\/wp-json\/wp\/v2\/product_tag?post=1357"}],"curies":[{"name":"wp","href":"https:\/\/api.w.org\/{rel}","templated":true}]}}