{"id":1367,"date":"2025-06-22T19:23:11","date_gmt":"2025-06-22T19:23:11","guid":{"rendered":"https:\/\/lite-soil.com\/?post_type=product&#038;p=1367"},"modified":"2026-04-13T13:00:39","modified_gmt":"2026-04-13T13:00:39","slug":"bluelite-net-pp","status":"publish","type":"product","link":"https:\/\/lite-soil.com\/it\/product\/bluelite-net-pp\/","title":{"rendered":"BLUELITE-NET PP"},"content":{"rendered":"<p>L&#8217;acqua viene rilasciata uniformemente dal tubo flessibile di irrigazione attraverso il rivestimento in tessuto non tessuto nella rete LITE-NET sottostante, dove viene distribuita su una vasta area nella zona delle radici. Nel processo, l&#8217;area di contatto acqua\/terra aumenta di mille volte. Il robusto rivestimento in tessuto non tessuto protegge l\u2019ala gocciolante dalle radici e ne impedisce l\u2019ostruzione da parte di particelle del terreno.<\/p>\n<p>L&#8217;irrigazione sotterranea riduce l&#8217;evaporazione, l\u2019infeltrimento, il ristagno d&#8217;acqua e quindi anche i costi per i trattamenti in superficie. \u00c8 possibile irrigare in qualsiasi momento e in modo continuo, anche mentre si gioca o si taglia il prato. Rispetto all&#8217;irrigazione a spruzzo, si risparmia fino al 70% di acqua.<\/p>\n<p>Grazie alla forma aperta e flessibile della rete, le radici possono facilmente crescere attraverso le aperture della rete e agganciarsi tutt&#8217;intorno alla rete in tessuto non tessuto spessa 5 mm. Ci\u00f2 significa che il 100% dell&#8217;acqua contenuta nella rete \u00e8 disponibile per le piante. Poich\u00e9 il sistema pu\u00f2 essere posato a qualsiasi profondit\u00e0, le piante possono essere alimentate in modo ottimale anche nella fase di crescita o nelle colture miste.<\/p>\n<p>Per es. Per gli alberi \u00e8 disponibile un tubo per l&#8217;irrigazione a goccia gi\u00e0 pronto con protezione in vello con un diametro di circa 50 cm (<strong>BLUE<\/strong>LITE-<strong>RING<\/strong>). Per l&#8217;uso di tubi propri, la copertura protettiva in tessuto non tessuto (<strong>BLUE<\/strong>LITE-<strong>COVER<\/strong>) viene offerta anche senza tubo.<\/p>\n<p>In caso di aree o piante gi\u00e0 esistenti i tubi per l&#8217;irrigazione protetti dal vello possono essere installati anche senza rete.<\/p>\n<p><strong>Esempi di applicazione<\/strong><\/p>\n<p><a href=\"https:\/\/lite-soil.com\/it\/professionals_trees\/\">ALBERI<\/a>, <a href=\"https:\/\/lite-soil.com\/it\/professionals_slopes\/\">PENDII<\/a>, <a href=\"https:\/\/lite-soil.com\/it\/professionals_greenroofs\/\">INVERDIMENTO TETTI<\/a>, <a href=\"https:\/\/lite-soil.com\/it\/professionals_agriculture\/\">AGRICOLTURA<\/a>, <a href=\"https:\/\/lite-soil.com\/it\/professionals_lawns_athleticfields\/\">CAMPI SPORTIVI &#038; TAPPETI ERBOSI<\/a>.<\/p>\n<p>&nbsp;<\/p>\n<table width=\"910\">\n<tbody>\n<tr>\n<td width=\"336\"><strong><em>BLUELITE-NET SYSTEM<\/em><\/strong><\/td>\n<td width=\"102\">\n<p style=\"text-align: center;\"><strong>Unit\u00e0<\/strong><\/p>\n<\/td>\n<td style=\"text-align: center;\" width=\"266\"><strong>Dimensioni scatola (cm)<\/strong><\/td>\n<td width=\"179\">\n<p style=\"text-align: center;\"><strong>Peso kg\/scatola<\/strong><\/p>\n<\/td>\n<\/tr>\n<tr>\n<td width=\"336\"><strong>&#8211; BLUELITE-NET system 55 m\u00b2<\/strong><\/p>\n<p>(forma di serpentino)<\/td>\n<td width=\"102\">\n<p style=\"text-align: center;\">55 m\u00b2<\/p>\n<\/td>\n<td style=\"text-align: center;\" width=\"266\">60 x 60 x 82<\/td>\n<td width=\"179\">\n<p style=\"text-align: center;\">25<\/p>\n<\/td>\n<\/tr>\n<tr>\n<td width=\"336\"><strong>&#8211; BLUELITE-NET system 85 m\u00b2<\/strong><\/p>\n<p>(forma di serpentino)<\/td>\n<td width=\"102\">\n<p style=\"text-align: center;\">85 m\u00b2<\/p>\n<\/td>\n<td style=\"text-align: center;\" width=\"266\">122 x 37 x 37<br \/>\n60 x 60 x 70<br \/>\n60 x 60 x 42<\/td>\n<td width=\"179\">\n<p style=\"text-align: center;\">16<br \/>\n14<br \/>\n8<\/p>\n<\/td>\n<\/tr>\n<tr>\n<td width=\"336\"><strong>&#8211; BLUELITE-NET system 1200 m\u00b2<\/strong><\/p>\n<p>(forma lineare)<\/td>\n<td width=\"102\">\n<p style=\"text-align: center;\">1200 m\u00b2<\/p>\n<\/td>\n<td width=\"266\">\n<p style=\"text-align: center;\">4 Pallet<\/p>\n<\/td>\n<td width=\"179\"><\/td>\n<\/tr>\n<\/tbody>\n<\/table>\n<p>&nbsp;<\/p>\n<table width=\"913\">\n<tbody>\n<tr>\n<td width=\"313\"><strong><em>BLUELITE-NET COMPONENTI<\/em><\/strong><\/td>\n<td width=\"219\">\n<p style=\"text-align: center;\"><strong>Unit\u00e0<\/strong><\/p>\n<\/td>\n<td width=\"361\"><\/td>\n<\/tr>\n<tr>\n<td width=\"313\"><strong>&#8211; BLUELITE\u2010TUBE<\/strong><\/td>\n<td width=\"219\">\n<p style=\"text-align: center;\">100 m (per 55 m\u00b2)<\/p>\n<\/td>\n<td width=\"361\"><img loading=\"lazy\" decoding=\"async\" class=\"alignnone size-full wp-image-3945\" src=\"https:\/\/lite-soil.com\/wp-content\/uploads\/2025\/08\/BLUELITE-TUBE-Neu-300x55-1.webp\" alt=\"\" width=\"300\" height=\"55\" \/><\/td>\n<\/tr>\n<tr>\n<td width=\"313\"><strong>&#8211; BLUELITE\u2010COVER<\/strong><\/td>\n<td width=\"219\">\n<p style=\"text-align: center;\">16 pz. 25 m<\/p>\n<\/td>\n<td width=\"361\"><img loading=\"lazy\" decoding=\"async\" class=\"alignnone size-full wp-image-3943\" src=\"https:\/\/lite-soil.com\/wp-content\/uploads\/2025\/08\/BLUELITE-COVER-1-300x65-1.webp\" alt=\"\" width=\"300\" height=\"65\" \/><\/td>\n<\/tr>\n<tr>\n<td width=\"313\"><strong>&#8211; BLUELITE-RING <\/strong><\/p>\n<p>Albero<\/p>\n<p><strong>\u00a0<\/strong><\/td>\n<td width=\"219\">\n<p style=\"text-align: center;\">10 pz Cad. \u00d8 50 cm<\/p>\n<\/td>\n<td width=\"361\"><img loading=\"lazy\" decoding=\"async\" class=\"alignnone wp-image-3944\" src=\"https:\/\/lite-soil.com\/wp-content\/uploads\/2025\/08\/bluelite-ring4-e1622620415275.webp\" alt=\"\" width=\"135\" height=\"135\" srcset=\"https:\/\/lite-soil.com\/wp-content\/uploads\/2025\/08\/bluelite-ring4-e1622620415275.webp 300w, https:\/\/lite-soil.com\/wp-content\/uploads\/2025\/08\/bluelite-ring4-e1622620415275-150x150.webp 150w, https:\/\/lite-soil.com\/wp-content\/uploads\/2025\/08\/bluelite-ring4-e1622620415275-100x100.webp 100w\" sizes=\"auto, (max-width: 135px) 100vw, 135px\" \/><\/td>\n<\/tr>\n<tr>\n<td width=\"313\"><strong>&#8211; LITE-NET <\/strong><\/p>\n<p>Standard roll PP C20<\/td>\n<td width=\"219\">\n<p style=\"text-align: center;\">28\/57\/85 m\u00b2<\/p>\n<\/td>\n<td width=\"361\"><img loading=\"lazy\" decoding=\"async\" class=\"alignnone wp-image-3946\" src=\"https:\/\/lite-soil.com\/wp-content\/uploads\/2025\/08\/Net-1-300x270-1.webp\" alt=\"\" width=\"111\" height=\"100\" \/><\/td>\n<\/tr>\n<\/tbody>\n<\/table>\n<p><strong>dati tecnici<\/strong><\/p>\n<ol>\n<li>Rivulis D5000 PCAS tubo da 16 mm (13,8 \/ 15,83 mm), colore nero, pressione 0,5 &#8211; 3,5 bar, 40 mil (1,02 mm), portata 1,5 l\/h, distanza tra i gocciolatori 30 cm, 100 m OPPURE<br \/>\nRainbird XFD tubo flessibile da 16 mm (13,6 \/ 16,1 mm), colore marrone, pressione: da 0,58 a 4,14 bar, portate: 2,3 l\/h, distanza tra i gocciolatori 33 cm, 100 m OPPURE<br \/>\nRainbird XFS tubo flessibile da 16 mm (13,6 \/ 16,1 mm), colore rame, pressione: da 0,58 a 4,14 bar, portate: 2,3 l\/h, distanza tra i gocciolatori 33 cm,\u00a0 \u00a0 \u00a0 \u00a0 \u00a0 \u00a0 \u00a0 \u00a0 \u00a0 \u00a0 \u00a0 \u00a0 \u00a0 \u00a0 \u00a0 \u00a0 \u00a0 \u00a0 \u00a0 \u00a0 \u00a0 \u00a0 \u00a0 \u00a0 \u00a0 \u00a0 \u00a0 \u00a0 \u00a0 \u00a0 \u00a0 \u00a0 \u00a0 \u00a0 \u00a0 \u00a0 \u00a0 \u00a0 100 mdistanza gocciolatore 30 cm e lunghezza massima consigliata 163 m.<\/li>\n<li>Rete di stoccaggio e distribuzione acqua spessore 5 mm. Area massima 28-85 m\u00b2.<\/li>\n<\/ol>\n<p>&nbsp;<\/p>\n<p><iframe loading=\"lazy\" title=\"\ud83d\udca7installazione di IRRIGAZIONE SOTTERRANEA BLUELITE-NET#risparmio\" width=\"500\" height=\"281\" src=\"https:\/\/www.youtube.com\/embed\/IwTvhKUAf94?feature=oembed\" frameborder=\"0\" allow=\"accelerometer; autoplay; clipboard-write; encrypted-media; gyroscope; picture-in-picture; web-share\" referrerpolicy=\"strict-origin-when-cross-origin\" allowfullscreen><\/iframe><\/p>\n<p>&nbsp;<\/p>\n<p><strong>Dimensioni dell&#8217;ordine<\/strong><\/p>\n<p><strong>BLUE<\/strong>LITE-<strong>NET<\/strong> <strong>COMPONENTI<\/strong><\/p>\n<ul>\n<li><strong>BLUE<\/strong>LITE-<strong>COVER <\/strong>\u2192 16 pz. \u00e1 25 m<\/li>\n<li><strong>BLUE<\/strong>LITE-<strong>TUBE <\/strong>\u2192 100 m<\/li>\n<li><strong>BLUE<\/strong>LITE-<strong>RING <\/strong>\u2192 10 pz. \u00e1 \u2300 50 cm<\/li>\n<\/ul>\n<p><strong>BLUE<\/strong>LITE-<strong>NET<\/strong> <strong>SYSTEM<\/strong>: LITE-<strong>NET<\/strong> Standard Rotolo PP + <strong>BLUE<\/strong>LITE-<strong>TUBE<\/strong><\/p>\n<ul>\n<li><strong>BLUE<\/strong>LITE-<strong>NET<\/strong> SYSTEM \u2192 55 m\u00b2<\/li>\n<li><strong>BLUE<\/strong>LITE-<strong>NET<\/strong> SYSTEM \u2192 85 m\u00b2<\/li>\n<li><strong>BLUE<\/strong>LITE-<strong>NET<\/strong> SYSTEM \u2192 1200 m\u00b2<\/li>\n<\/ul>\n<p>&nbsp;<\/p>\n<p>Per gli ordini privati visitate il nostro sito\u00a0<a href=\"https:\/\/lite-soil.com\/it\/shop-2\/\">online shop<\/a>.<\/p>\n","protected":false},"excerpt":{"rendered":"<p>L\u2019efficace sistema di irrigazione sotterranea<\/p>\n<p>Il sistema brevettato <strong>BLUE<\/strong>LITE-<strong>NET<\/strong> \u00e8 una soluzione per l\u2019irrigazione sotterranea a risparmio idrico completamente nuova e tecnicamente migliorata, per alberi o campi sportivi.<\/p>\n<p>La combinazione consiste in 2 elementi: Una rete voluminosa in tessuto non tessuto (LITE-<strong>NET<\/strong>) e un tubo di irrigazione protetto da tessuto non tessuto(<strong>BLUE<\/strong>LITE<strong>-TUBE<\/strong>) posato direttamente su di essa. Il substrato \u00e8 applicato in profondit\u00e0 alla radice sopra questo.<\/p>\n<p><strong>Materiale<\/strong>: 100 % polipropilene<\/p>\n<p><strong>Vantaggi:<\/strong><\/p>\n<ul>\n<li>Fino al 70% di risparmio idrico rispetto all\u2019irrigazione a spruzzo<\/li>\n<li>Fornisce le radici in modo preciso e uniforme<\/li>\n<li>Irrigazione possibile in qualsiasi momento, anche se l\u2019area \u00e8 attualmente utilizzata<\/li>\n<li>Le radici possono facilmente crescere attraverso le aperture della rete<\/li>\n<li>Facile da installare e tagliare a misura, meno manutenzione richiesta<\/li>\n<li>Nessuna evaporazione, infeltrimento o ristagno d\u2019acqua<\/li>\n<li>Tubo gocciolante protetto contro la crescita delle radici, le multe e il vandalismo<\/li>\n<\/ul>\n","protected":false},"featured_media":1314,"comment_status":"closed","ping_status":"closed","template":"","meta":[],"product_brand":[],"product_cat":[211,117,113,105,103,102,101],"product_tag":[133,119,109],"class_list":{"0":"post-1367","1":"product","2":"type-product","3":"status-publish","4":"has-post-thumbnail","6":"product_cat-bluelite-net_pro","7":"product_cat-roof-greening","8":"product_cat-agriculture","9":"product_cat-athletic-fields","10":"product_cat-lawn","11":"product_cat-slopes","12":"product_cat-trees","13":"product_tag-polypropylene","14":"product_tag-dauerhaft","15":"product_tag-nachhaltig","17":"first","18":"outofstock","19":"virtual","20":"taxable","21":"product-type-simple"},"_links":{"self":[{"href":"https:\/\/lite-soil.com\/it\/wp-json\/wp\/v2\/product\/1367","targetHints":{"allow":["GET"]}}],"collection":[{"href":"https:\/\/lite-soil.com\/it\/wp-json\/wp\/v2\/product"}],"about":[{"href":"https:\/\/lite-soil.com\/it\/wp-json\/wp\/v2\/types\/product"}],"replies":[{"embeddable":true,"href":"https:\/\/lite-soil.com\/it\/wp-json\/wp\/v2\/comments?post=1367"}],"wp:featuredmedia":[{"embeddable":true,"href":"https:\/\/lite-soil.com\/it\/wp-json\/wp\/v2\/media\/1314"}],"wp:attachment":[{"href":"https:\/\/lite-soil.com\/it\/wp-json\/wp\/v2\/media?parent=1367"}],"wp:term":[{"taxonomy":"product_brand","embeddable":true,"href":"https:\/\/lite-soil.com\/it\/wp-json\/wp\/v2\/product_brand?post=1367"},{"taxonomy":"product_cat","embeddable":true,"href":"https:\/\/lite-soil.com\/it\/wp-json\/wp\/v2\/product_cat?post=1367"},{"taxonomy":"product_tag","embeddable":true,"href":"https:\/\/lite-soil.com\/it\/wp-json\/wp\/v2\/product_tag?post=1367"}],"curies":[{"name":"wp","href":"https:\/\/api.w.org\/{rel}","templated":true}]}}