{"id":1388,"date":"2025-06-22T19:50:00","date_gmt":"2025-06-22T19:50:00","guid":{"rendered":"https:\/\/lite-soil.com\/?post_type=product&#038;p=1388"},"modified":"2025-09-09T10:16:08","modified_gmt":"2025-09-09T10:16:08","slug":"lite-net-slope","status":"publish","type":"product","link":"https:\/\/lite-soil.com\/it\/product\/lite-net-slope\/","title":{"rendered":"LITE-NET Pendii <br> <br>"},"content":{"rendered":"<p>Studi scientifici dell\u2019Universit\u00e0 delle risorse naturali e delle scienze della vita (BOKU) hanno dimostrato che: a lungo termine, LITE-<strong>NET<\/strong> immagazzina 6 volte pi\u00f9 acqua rispetto alle stuoie di cocco. Questo porta a un effetto di inverdimento superiore del 50%. Inoltre, l&#8217;erosione \u00e8 ridotta. Grazie alla forma flessibile della rete, il LITE-<strong>NET<\/strong> si adatta molto bene alla superficie, per cui richiede poco fissaggio ed \u00e8 a prova di tempesta.<\/p>\n<p><img loading=\"lazy\" decoding=\"async\" class=\"alignnone size-medium wp-image-3304\" src=\"https:\/\/lite-soil.com\/wp-content\/uploads\/2025\/08\/slope-300x300.webp\" alt=\"\" width=\"300\" height=\"300\" srcset=\"https:\/\/lite-soil.com\/wp-content\/uploads\/2025\/08\/slope-300x300.webp 300w, https:\/\/lite-soil.com\/wp-content\/uploads\/2025\/08\/slope-1024x1024.webp 1024w, https:\/\/lite-soil.com\/wp-content\/uploads\/2025\/08\/slope-150x150.webp 150w, https:\/\/lite-soil.com\/wp-content\/uploads\/2025\/08\/slope-768x768.webp 768w, https:\/\/lite-soil.com\/wp-content\/uploads\/2025\/08\/slope-600x600.webp 600w, https:\/\/lite-soil.com\/wp-content\/uploads\/2025\/08\/slope-100x100.webp 100w, https:\/\/lite-soil.com\/wp-content\/uploads\/2025\/08\/slope.webp 1080w\" sizes=\"auto, (max-width: 300px) 100vw, 300px\" \/><img loading=\"lazy\" decoding=\"async\" class=\"alignnone wp-image-3314\" src=\"https:\/\/lite-soil.com\/wp-content\/uploads\/2025\/08\/Kokosmatte-vs-LITE-NET-IT-300x212.webp\" alt=\"\" width=\"368\" height=\"260\" srcset=\"https:\/\/lite-soil.com\/wp-content\/uploads\/2025\/08\/Kokosmatte-vs-LITE-NET-IT-300x212.webp 300w, https:\/\/lite-soil.com\/wp-content\/uploads\/2025\/08\/Kokosmatte-vs-LITE-NET-IT-768x542.webp 768w, https:\/\/lite-soil.com\/wp-content\/uploads\/2025\/08\/Kokosmatte-vs-LITE-NET-IT-600x423.webp 600w, https:\/\/lite-soil.com\/wp-content\/uploads\/2025\/08\/Kokosmatte-vs-LITE-NET-IT.webp 958w\" sizes=\"auto, (max-width: 368px) 100vw, 368px\" \/><\/p>\n<p>Le reti a grande pendenza hanno una larghezza di apertura di circa 9 cm (C14) e uno spessore di circa 6 mm, Bio1 \u00e8 disponibile anche in 4 mm.<\/p>\n<p><strong>ISTRUZIONI PER L&#8217;INSTALLAZIONE<\/strong><\/p>\n<p><a href=\"https:\/\/lite-soil.com\/it\/professionals_slopes\/\">PENDII<\/a>: Legen Sie das auseinandergezogene LITE-<strong>NET<\/strong> auf und geben Sie wurzeltief (bei Rasen ca. 10 cm) Erde dar\u00fcber. Idealmente mescolato con <a href=\"https:\/\/lite-soil.com\/it\/professionals_products\/#lite_strips_B2B_products\">LITE-<strong>STRIPS<\/strong><\/a>. Per la messa a dimora iniziale, le varianti <strong>Bio1<\/strong> o <strong>Bio5<\/strong> di LITE-<strong>NET<\/strong>, biodegradabili al 100%, vengono semplicemente posate sulla superficie del pendio, fissati e, idealmente, coperti con inverdimento a spruzzo.<\/p>\n<p>Il serbatoio d&#8217;acqua per argini LITE-<strong>NET<\/strong> \u00e8 ideale per il rinverdimento degli argini e come protezione dall&#8217;erosione. Per la fase di crescita sono posati fuori terra, per l&#8217;uso permanente sono posati sotto terra.<\/p>\n<p><strong>100% BIODEGRADABILE<\/strong><\/p>\n<p>Le reti in tessuto non tessuto, estremamente flessibili, si adattano perfettamente al sottosuolo, formando cos\u00ec un micro rilievo stabile parallelo al pendio e riducendo l&#8217;erosione. Grazie alle sue propriet\u00e0 di ancoraggio, il LITE-<strong>NET <\/strong>ha solo bisogno di essere fissata leggermente. Inoltre, la forma della rete \u00e8 a prova di tempesta, a differenza delle stuoie senza aperture. Inoltre, la forma della rete \u00e8 a prova di tempesta, a differenza delle stuoie senza aperture. Nel caso di pendii pi\u00f9 ripidi, le reti di accumulo idrico possono essere fissate senza problemi con ganci di terra standard.<br \/>\nLa capacit\u00e0 di immagazzinamento dell&#8217;acqua \u00e8 ulteriormente aumentata rispetto alle stuoie senza aperture anche grazie ai meandri che impediscono all\u2019acqua di scorrere seguendo la linea di caduta. La crescita delle piante viene favorita dall&#8217;incidenza diretta della luce e ed \u00e8 possibile inserire negli spazi tra le reti delle piante aggiuntive.<\/p>\n<p>&nbsp;<\/p>\n<p><strong>Dimensioni dell&#8217;ordine<\/strong><\/p>\n<p>LITE-<strong>NET<\/strong> Pendii (Rotolo C14 = maglie \u2300 9 cm)<\/p>\n<ul>\n<li>350: 3,5 x 14,3 m <strong>\u2192\u00a0<\/strong>50 m\u00b2<\/li>\n<li>520: 5,2 x 14,3 m <strong>\u2192\u00a0<\/strong>75 m\u00b2<\/li>\n<\/ul>\n<p>&nbsp;<\/p>\n<p>Per ordini privati visita il nostro <a href=\"https:\/\/lite-soil.com\/it\/shop-2\/\">negozio online<\/a>.<\/p>\n","protected":false},"excerpt":{"rendered":"<p><strong>Serbatoio d\u2019acqua per l\u2019argine<\/strong><\/p>\n<p>Per pendii, le varianti <strong>Bio1<\/strong> o <strong>Bio5<\/strong> di LITE-<strong>NET<\/strong>, biodegradabili al 100%, vengono semplicemente posate sulla superficie del pendio, fissati e, idealmente, coperti con inverdimento a spruzzo. Funziona come un serbatoio d\u2019acqua di grande superficie, per cui l\u2019effetto serpeggiante fa s\u00ec che, a differenza dei tappeti a superficie intera, l\u2019acqua sia immagazzinata nella rete anche su pendii pi\u00f9 ripidi e sia quindi disponibile per le piante in ogni momento se necessario.<\/p>\n<p><strong>Materiale<\/strong>: <strong>Bio1<\/strong>: 100% fibre di cellulosa biodegradabili | <strong>Bio5<\/strong>: 70% PLA (polilattide) + 30% di fibre di cellulosa.<\/p>\n<p><strong>VANTAGGI<\/strong>:<\/p>\n<ul>\n<li>Immagazzina l\u2019acqua direttamente con le piante<\/li>\n<li>Le radici possono crescere attraverso le aperture della rete<\/li>\n<li>Riduzione dell\u2019erosione<\/li>\n<li>Intervalli di irrigazione prolungati<\/li>\n<li>Pu\u00f2 essere facilmente tagliato a misura<\/li>\n<li>Facile installazione<\/li>\n<li>Alimentazione ottimale delle piante<\/li>\n<\/ul>\n","protected":false},"featured_media":1390,"comment_status":"closed","ping_status":"closed","template":"","meta":[],"product_brand":[],"product_cat":[21,210],"product_tag":[],"class_list":{"0":"post-1388","1":"product","2":"type-product","3":"status-publish","4":"has-post-thumbnail","6":"product_cat-uncategorized","7":"product_cat-lite-net_pro","9":"first","10":"outofstock","11":"taxable","12":"shipping-taxable","13":"product-type-simple"},"_links":{"self":[{"href":"https:\/\/lite-soil.com\/it\/wp-json\/wp\/v2\/product\/1388","targetHints":{"allow":["GET"]}}],"collection":[{"href":"https:\/\/lite-soil.com\/it\/wp-json\/wp\/v2\/product"}],"about":[{"href":"https:\/\/lite-soil.com\/it\/wp-json\/wp\/v2\/types\/product"}],"replies":[{"embeddable":true,"href":"https:\/\/lite-soil.com\/it\/wp-json\/wp\/v2\/comments?post=1388"}],"wp:featuredmedia":[{"embeddable":true,"href":"https:\/\/lite-soil.com\/it\/wp-json\/wp\/v2\/media\/1390"}],"wp:attachment":[{"href":"https:\/\/lite-soil.com\/it\/wp-json\/wp\/v2\/media?parent=1388"}],"wp:term":[{"taxonomy":"product_brand","embeddable":true,"href":"https:\/\/lite-soil.com\/it\/wp-json\/wp\/v2\/product_brand?post=1388"},{"taxonomy":"product_cat","embeddable":true,"href":"https:\/\/lite-soil.com\/it\/wp-json\/wp\/v2\/product_cat?post=1388"},{"taxonomy":"product_tag","embeddable":true,"href":"https:\/\/lite-soil.com\/it\/wp-json\/wp\/v2\/product_tag?post=1388"}],"curies":[{"name":"wp","href":"https:\/\/api.w.org\/{rel}","templated":true}]}}