{"id":532,"date":"2025-05-25T17:15:18","date_gmt":"2025-05-25T17:15:18","guid":{"rendered":"https:\/\/lite-soil.com\/?post_type=product&#038;p=532"},"modified":"2025-11-13T13:24:47","modified_gmt":"2025-11-13T13:24:47","slug":"lite-pot-l","status":"publish","type":"product","link":"https:\/\/lite-soil.com\/it\/product\/lite-pot-l\/","title":{"rendered":"LITE-POT L: 3 pcs. <br> 100 x 12,5 cm"},"content":{"rendered":"<p>Inserto in tessuto non tessuto come riserva idrica per fioriere da balcone LITE-POT L: il tessuto non tessuto assorbe l&#8217;acqua in eccesso come una spugna e la rilascia alle piante al momento del bisogno. Grazie a LITE-POT L non \u00e8 pi\u00f9 necessario irrigare quotidianamente ed \u00e8 pi\u00f9 semplice prendersi cura delle proprie piante. Il tessuto non tessuto riciclato pu\u00f2 essere riutilizzato pi\u00f9 volte e immagazzina circa 12 l\/m2 di acqua. 100% in poliestere riciclato ed \u00e8 prodotta in Austria.<\/p>\n<p><strong>100% SOSTENIBILE, RICICLATA, DURATURA E RIUTILIZZABILE, prodotto UE.<\/strong><\/p>\n<p><strong>Utilizzo<\/strong><\/p>\n<p><a href=\"https:\/\/lite-soil.com\/it\/pots-planters-balcony-boxes\/\">FIORIERE DA BALCONE<\/a><\/p>\n<p><strong>Istruzioni per l\u2019installazione<\/strong><\/p>\n<p>LITE-POT L\u00a0\u00e8 molto facile da usare! Mettete LITE-POT L\u00a0sul fondo della fioriera da balcone, se necessario tagliatelo a misura. Aggiungeteci sopra terra, piante, acqua a sufficienza e il gioco \u00e8 fatto! Ideale da abbinare ai nostri LITE-STRIPS.<\/p>\n<p><strong>Vantaggi<\/strong><\/p>\n<ul>\n<li>rifornisce d\u2019acqua le vostre piante per diversi giorni<\/li>\n<li>Riutilizzabile<\/li>\n<li>Pu\u00f2 essere facilmente tagliato a misura<\/li>\n<li>Ideale per assenze da casa prolungate, come vacanze, viaggi d&#8217;affari<\/li>\n<\/ul>\n<p><strong>Quantit\u00e0 e \u00a0dimensioni<\/strong><\/p>\n<p>3 pezzi 100 x 12,5 cm. Circa 13 mm di spessore.<\/p>\n<div class=\"fluid-width-video-wrapper\"><iframe title=\"TESSUTO NON TESSUTO PER FIORIERE DA BALCONE E VASI\ud83e\udeb4 LITE-POT #risparmio\" src=\"https:\/\/www.youtube.com\/embed\/-m9sE92nE1A?feature=oembed\" name=\"fitvid0\" allowfullscreen=\"allowfullscreen\" data-mce-fragment=\"1\"><\/iframe><\/div>\n<p>Per progetti di grandi dimensioni, contattateci <a href=\"https:\/\/lite-soil.com\/it\/about\/#contact_us\">qui<\/a>.<\/p>\n","protected":false},"excerpt":{"rendered":"<p>Inserto in tessuto non tessuto come riserva d&#8217;acqua per le cassette da balcone<\/p>\n<p>LITE-POT L immagazzina l&#8217;acqua in eccesso come una spugna e la restituisce alle piante secondo le necessit\u00e0.<\/p>\n<p><strong>100% SOSTENIBILE, RICICLATA, DURATURA E RIUTILIZZABILE<\/strong><\/p>\n<p><strong>Materiale<\/strong>: 100\u202f% poliestere<br \/>\nProdotto in Austria<\/p>\n","protected":false},"featured_media":212,"comment_status":"closed","ping_status":"closed","template":"","meta":[],"product_brand":[],"product_cat":[99],"product_tag":[26,68],"class_list":{"0":"post-532","1":"product","2":"type-product","3":"status-publish","4":"has-post-thumbnail","6":"product_cat-lite-pot_holiday-bag","7":"product_tag-urban-gardening","8":"product_tag-balcony-boxes","10":"first","11":"instock","12":"taxable","13":"shipping-taxable","14":"purchasable","15":"product-type-simple"},"_links":{"self":[{"href":"https:\/\/lite-soil.com\/it\/wp-json\/wp\/v2\/product\/532","targetHints":{"allow":["GET"]}}],"collection":[{"href":"https:\/\/lite-soil.com\/it\/wp-json\/wp\/v2\/product"}],"about":[{"href":"https:\/\/lite-soil.com\/it\/wp-json\/wp\/v2\/types\/product"}],"replies":[{"embeddable":true,"href":"https:\/\/lite-soil.com\/it\/wp-json\/wp\/v2\/comments?post=532"}],"wp:featuredmedia":[{"embeddable":true,"href":"https:\/\/lite-soil.com\/it\/wp-json\/wp\/v2\/media\/212"}],"wp:attachment":[{"href":"https:\/\/lite-soil.com\/it\/wp-json\/wp\/v2\/media?parent=532"}],"wp:term":[{"taxonomy":"product_brand","embeddable":true,"href":"https:\/\/lite-soil.com\/it\/wp-json\/wp\/v2\/product_brand?post=532"},{"taxonomy":"product_cat","embeddable":true,"href":"https:\/\/lite-soil.com\/it\/wp-json\/wp\/v2\/product_cat?post=532"},{"taxonomy":"product_tag","embeddable":true,"href":"https:\/\/lite-soil.com\/it\/wp-json\/wp\/v2\/product_tag?post=532"}],"curies":[{"name":"wp","href":"https:\/\/api.w.org\/{rel}","templated":true}]}}