{"id":534,"date":"2025-05-25T17:15:18","date_gmt":"2025-05-25T17:15:18","guid":{"rendered":"https:\/\/lite-soil.com\/?post_type=product&#038;p=534"},"modified":"2025-11-13T13:25:27","modified_gmt":"2025-11-13T13:25:27","slug":"lite-pot-m","status":"publish","type":"product","link":"https:\/\/lite-soil.com\/it\/product\/lite-pot-m\/","title":{"rendered":"LITE-POT M: 4 pcs. <br> 60 x 12,5 cm"},"content":{"rendered":"<p>Inserto in tessuto non tessuto come riserva idrica per cassette da balcone &#8211; LITE-POT M\u00a0riserva idrica per fioriere da balcone: questo resistente Inserto in tessuto non tessuto (60 x 12,5 cm) immagazzina l\u2019acqua in eccesso come una spugna e la rilascia alle piante quando \u00e8 necessario. Gracie a LITE-POT\u00a0M\u00a0non \u00e8 pi\u00f9 necessario irrigare quotidianamente ed \u00e8 pi\u00f9 semplice prendersi cura delle proprie piante. Il tessuto non tesuto riserva idrica riciclata pu\u00f2 essere utilizzato pi\u00f9 volte e immagazzina circa 12 l\/m<sup>2<\/sup> di acqua. 100% in poliestere riciclato ed \u00e8 prodotta in Austria.<\/p>\n<p><strong>100% SOSTENIBILE, RICICLATA, DURATURA E RIUTILIZZABILE, prodotto UE.<\/strong><\/p>\n<p><strong>Applicazione<\/strong><\/p>\n<p><a href=\"https:\/\/lite-soil.com\/it\/pots-planters-balcony-boxes\/\">FIORIERE DA BALCONE<\/a><\/p>\n<p><strong>Istruzioni per l&#8217;installazione<\/strong><\/p>\n<p>Mettete LITE-POT\u00a0M sul fondo della fioriera da balcone, se necessario tagliatelo a misura. Aggiungeteci sopra terra, piante, acqua a sufficienza e il gioco \u00e8 fatto!<br \/>\nCombina LITE-POT M\u00a0con\u00a0LITE-STRIPS\u00a0per un risultato ideale<\/p>\n<p><strong>Vantaggi<\/strong><\/p>\n<ul>\n<li>Fornisce alle tue piante acqua per diversi giorni<\/li>\n<li>Riutilizzabile<\/li>\n<li>Pu\u00f2 essere facilmente tagliato a misura<\/li>\n<li>Pu\u00f2 essere facilmente tagliato a misura Ideale per assenze pi\u00f9 lunghe come vacanze o viaggi d&#8217;affari<\/li>\n<\/ul>\n<p><strong>Quantit\u00e0 e dimensioni<\/strong><\/p>\n<p>4 Pz. inserto tessuto non tessuto 60 x 12,5 cm, circa 13 mm di spessore.<\/p>\n<div class=\"fluid-width-video-wrapper\"><iframe title=\"TESSUTO NON TESSUTO PER FIORIERE DA BALCONE E VASI\ud83e\udeb4 LITE-POT #risparmio\" src=\"https:\/\/www.youtube.com\/embed\/-m9sE92nE1A?feature=oembed\" name=\"fitvid0\" allowfullscreen=\"allowfullscreen\" data-mce-fragment=\"1\"><\/iframe><\/div>\n<p>Per grandi progetti, contattateci\u00a0<a href=\"https:\/\/lite-soil.com\/it\/about\/#contact_us\">qui<\/a>.<\/p>\n","protected":false},"excerpt":{"rendered":"<p>Inserto in tessuto non tessuto di\u00a0 come riserva d&#8217;acqua per le cassette da balcone<\/p>\n<p>LITE-POT M immagazzina l&#8217;acqua in eccesso come una spugna e la restituisce alle piante secondo le necessit\u00e0.<\/p>\n<p><strong>100% SOSTENIBILE, RICICLATA, DURATURA E RIUTILIZZABILE<\/strong><\/p>\n<p>Prodotto in Austria<\/p>\n","protected":false},"featured_media":211,"comment_status":"closed","ping_status":"closed","template":"","meta":[],"product_brand":[],"product_cat":[99],"product_tag":[26,68],"class_list":{"0":"post-534","1":"product","2":"type-product","3":"status-publish","4":"has-post-thumbnail","6":"product_cat-lite-pot_holiday-bag","7":"product_tag-urban-gardening","8":"product_tag-balcony-boxes","10":"first","11":"instock","12":"taxable","13":"shipping-taxable","14":"purchasable","15":"product-type-simple"},"_links":{"self":[{"href":"https:\/\/lite-soil.com\/it\/wp-json\/wp\/v2\/product\/534","targetHints":{"allow":["GET"]}}],"collection":[{"href":"https:\/\/lite-soil.com\/it\/wp-json\/wp\/v2\/product"}],"about":[{"href":"https:\/\/lite-soil.com\/it\/wp-json\/wp\/v2\/types\/product"}],"replies":[{"embeddable":true,"href":"https:\/\/lite-soil.com\/it\/wp-json\/wp\/v2\/comments?post=534"}],"wp:featuredmedia":[{"embeddable":true,"href":"https:\/\/lite-soil.com\/it\/wp-json\/wp\/v2\/media\/211"}],"wp:attachment":[{"href":"https:\/\/lite-soil.com\/it\/wp-json\/wp\/v2\/media?parent=534"}],"wp:term":[{"taxonomy":"product_brand","embeddable":true,"href":"https:\/\/lite-soil.com\/it\/wp-json\/wp\/v2\/product_brand?post=534"},{"taxonomy":"product_cat","embeddable":true,"href":"https:\/\/lite-soil.com\/it\/wp-json\/wp\/v2\/product_cat?post=534"},{"taxonomy":"product_tag","embeddable":true,"href":"https:\/\/lite-soil.com\/it\/wp-json\/wp\/v2\/product_tag?post=534"}],"curies":[{"name":"wp","href":"https:\/\/api.w.org\/{rel}","templated":true}]}}