{"id":547,"date":"2025-05-25T17:15:20","date_gmt":"2025-05-25T17:15:20","guid":{"rendered":"https:\/\/lite-soil.com\/?post_type=product&#038;p=547"},"modified":"2025-12-16T10:40:22","modified_gmt":"2025-12-16T10:40:22","slug":"lite-net-bio1","status":"publish","type":"product","link":"https:\/\/lite-soil.com\/it\/product\/lite-net-bio1\/","title":{"rendered":"LITE-NET <br> Bio1<br>"},"content":{"rendered":"<p>Il rotolo di rete idrica LITE-NET Bio1 \u00e8 utilizzato per immagazzinare e distribuire acqua e aria su grandi superfici ed \u00e8 biodegradabile al 100%. La rete LITE-NET \u00e8 costituita per il 90% da pori d&#8217;aria aperti, in cui vengono immagazzinati fino a 44 l d&#8217;acqua, che vengono condotti come in una rete di vene esattamente dove le piante ne hanno pi\u00f9 bisogno: alle radici.<\/p>\n<p>La LITE-NET, spessa circa 6 mm, viene semplicemente tirata fino a 4-5 volte la sua larghezza e ricoperta di terra fino alle radici.<\/p>\n<p data-start=\"1393\" data-end=\"1482\">LITE-SOIL ha ricevuto il marchio di qualit\u00e0 \u201cNatur im Garten\u201d per LITE-NET Bio1 0,8 m\u00b2!<\/p>\n<p data-start=\"1484\" data-end=\"1820\">Il marchio di qualit\u00e0 \u201cNatur im Garten\u201d \u00e8 una guida per le persone attente all\u2019ambiente che vogliono utilizzare prodotti da giardino ecologicamente sicuri. Tutti i prodotti da giardino soddisfano i tre criteri principali di \u201cNatur im Garten\u201d: nessun pesticida chimico sintetico, nessun fertilizzante chimico sintetico e nessuna torba.<\/p>\n<p><strong>100 % BIODEGRADABILE <\/strong>Dopo circa 1 stagione o 2 anni, LITE-NET \u00e8 completamente biodegradabile. 100% da fibre di cellulosa ed \u00e8 prodotto in Austria.<\/p>\n<p>&nbsp;<\/p>\n<h3>Prodotto<\/h3>\n<h3>Lite-Net Bio1<\/h3>\n<p>100 % fibre di cellulosa<br \/>\n100% biodegradabile<br \/>\nDura circa 1 stagione &#8211; 2 anni<br \/>\nPer la fase di crescita o le piante annual<\/p>\n<p>&nbsp;<\/p>\n<h3>Dimensione\u00a0<strong> \u2013 Prezzo<\/strong><\/h3>\n<ul>\n<li><strong>0,8 m\u00b2<\/strong> (1,1 x 0,7 m) &#8211; <strong>\u20ac\u00a0<\/strong><strong>15,50 <\/strong>(\u20ac 19,38\/m\u00b2)<\/li>\n<li><strong>2,1 m\u00b2<\/strong> (1,3 x 1,6 m) &#8211; <strong>\u20ac\u00a0<\/strong><strong>25,90<\/strong> (\u20ac 12,33\/m\u00b2)<\/li>\n<li><strong>10,4 m\u00b2<\/strong> (1,3 x 8 m) &#8211; <strong>\u20ac\u00a0<\/strong><strong>79,50<\/strong> (\u20ac 7,64\/m\u00b2)<\/li>\n<li><strong>28 m\u00b2 <\/strong>(1,75 x 16 m) &#8211; <strong>\u20ac\u00a0<\/strong><strong>175,00 <\/strong>(\u20ac 6,25\/m\u00b2)<\/li>\n<\/ul>\n<p><strong>Installazione<\/strong><\/p>\n<p><a href=\"https:\/\/lite-soil.com\/it\/slopes-vegetation-permanent-greening\/\">PENDII\/VEGETAZIONE<\/a>: Per i pendii, LITE-NET Bio1 viene posato sulla superficie come ausilio alla crescita.<\/p>\n<p><a href=\"https:\/\/lite-soil.com\/it\/trees-shrubs-bushes\/\">ALBERI, ARBUSTI E CESPUGLI<\/a>: Avvolgere un pezzo di LITE-NET opportunamente tagliato intorno alla zolla per convogliare acqua e aria dalla superficie direttamente alle radici. Come ulteriore riserva d&#8217;acqua, posizionate un&#8217;altra LITE-NET in orizzontale nella buca dell&#8217;albero. In questo modo si garantisce un&#8217;alimentazione ottimale dello spazio radicale profondo.<\/p>\n<p><a href=\"https:\/\/lite-soil.com\/it\/raised-planting-beds-garden-beds-vegetable-beds\/\">AIUOLE RIALZATE<\/a>, <a href=\"https:\/\/lite-soil.com\/it\/lawn-rolled-turf\/\">PRATI &#038; CAMPI DA ATLETICA<\/a>: Posizionare la LITE-NET in posizione distanziata e aggiungervi sopra del terriccio fino alla profondit\u00e0 delle radici (circa 10 cm per i prati). Aggiungere il terriccio (possibilmente mescolato con LITE-STRIPS) e il gioco \u00e8 fatto.<\/p>\n<p><strong>Vantaggi<\/strong><\/p>\n<ul>\n<li>Innaffiare solo la met\u00e0 delle volte<\/li>\n<li>Distribuisce l&#8217;acqua e l&#8217;aria esattamente dove le piante ne hanno bisogno: direttamente alle radici<\/li>\n<li>Pu\u00f2 essere facilmente tagliata a misura<\/li>\n<li>Ideale per terreni privi di torba<\/li>\n<li>La rete estremamente flessibile si adatta perfettamente al terreno, favorisce la crescita delle piante e riduce il potenziale erosivo.<\/li>\n<\/ul>\n<p><iframe loading=\"lazy\" title=\"\ud83c\udf31COME RISPARMIARE ACQUA nell&#039;IRRIGAZIONE di PRATO e ALBERI con LITE-NET #risparmioidrico\" width=\"500\" height=\"281\" src=\"https:\/\/www.youtube.com\/embed\/hbA40caic2s?feature=oembed\" frameborder=\"0\" allow=\"accelerometer; autoplay; clipboard-write; encrypted-media; gyroscope; picture-in-picture; web-share\" referrerpolicy=\"strict-origin-when-cross-origin\" allowfullscreen><\/iframe><\/p>\n<p>Per progetti di grandi dimensioni, contattateci <a href=\"https:\/\/lite-soil.com\/it\/about\/#contact_us\">qui<\/a>.<\/p>\n","protected":false},"excerpt":{"rendered":"<p>Riserva idrica per le piante in forma di rete<\/p>\n<p>La rete di accumulo d&#8217;acqua LITE-NET Bio1 alimenta le piante su un&#8217;ampia superficie come una vena d&#8217;acqua.<\/p>\n<p><strong>Volume<\/strong>: 0,8 m\u00b2 | 2,1 m\u00b2 | 10,4 m\u00b2 | 28 m\u00b2<br \/>\n<strong>Materiale<\/strong>: 100% da fibre di cellulosa Biodegradabile dopo 1-2 anni.<br \/>\nProdotto in Austria.<\/p>\n<p data-start=\"1393\" data-end=\"1482\">LITE-SOIL ha ricevuto il marchio di qualit\u00e0 \u201cNatur im Garten\u201d per LITE-NET Bio1 0,8 m\u00b2!<\/p>\n","protected":false},"featured_media":261,"comment_status":"closed","ping_status":"closed","template":"","meta":[],"product_brand":[],"product_cat":[88],"product_tag":[26,74,75,76,77,78,81,82,83,89],"class_list":{"0":"post-547","1":"product","2":"type-product","3":"status-publish","4":"has-post-thumbnail","6":"product_cat-lite-net","7":"product_tag-urban-gardening","8":"product_tag-athletic-fields","9":"product_tag-bushes-shrubs","10":"product_tag-lawns","11":"product_tag-planting-beds","12":"product_tag-raised-planting-beds","13":"product_tag-soccer-fields","14":"product_tag-trees","15":"product_tag-vegetable-beds","16":"product_tag-slopes-vegetation","18":"first","19":"instock","20":"taxable","21":"shipping-taxable","22":"purchasable","23":"product-type-variable"},"_links":{"self":[{"href":"https:\/\/lite-soil.com\/it\/wp-json\/wp\/v2\/product\/547","targetHints":{"allow":["GET"]}}],"collection":[{"href":"https:\/\/lite-soil.com\/it\/wp-json\/wp\/v2\/product"}],"about":[{"href":"https:\/\/lite-soil.com\/it\/wp-json\/wp\/v2\/types\/product"}],"replies":[{"embeddable":true,"href":"https:\/\/lite-soil.com\/it\/wp-json\/wp\/v2\/comments?post=547"}],"wp:featuredmedia":[{"embeddable":true,"href":"https:\/\/lite-soil.com\/it\/wp-json\/wp\/v2\/media\/261"}],"wp:attachment":[{"href":"https:\/\/lite-soil.com\/it\/wp-json\/wp\/v2\/media?parent=547"}],"wp:term":[{"taxonomy":"product_brand","embeddable":true,"href":"https:\/\/lite-soil.com\/it\/wp-json\/wp\/v2\/product_brand?post=547"},{"taxonomy":"product_cat","embeddable":true,"href":"https:\/\/lite-soil.com\/it\/wp-json\/wp\/v2\/product_cat?post=547"},{"taxonomy":"product_tag","embeddable":true,"href":"https:\/\/lite-soil.com\/it\/wp-json\/wp\/v2\/product_tag?post=547"}],"curies":[{"name":"wp","href":"https:\/\/api.w.org\/{rel}","templated":true}]}}