{"id":552,"date":"2025-05-25T17:15:21","date_gmt":"2025-05-25T17:15:21","guid":{"rendered":"https:\/\/lite-soil.com\/?post_type=product&#038;p=552"},"modified":"2025-12-16T10:41:40","modified_gmt":"2025-12-16T10:41:40","slug":"lite-net-bio5","status":"publish","type":"product","link":"https:\/\/lite-soil.com\/it\/product\/lite-net-bio5\/","title":{"rendered":"LITE-NET <br> Bio5"},"content":{"rendered":"<p>Stoccaggio dell&#8217;acqua per le piante &#8211; Il rotolo di rete idrica LITE-NET Bio5 \u00e8 utilizzato per immagazzinare e distribuire acqua e aria su grandi superfici ed \u00e8 biodegradabile\/compostabile al 100% (circa 5-10 anni). Il rotolo LITE-NET \u00e8 costituito per il 90% da pori d&#8217;aria aperti, nei quali vengono immagazzinati fino a 44 l d&#8217;acqua, che viene convogliata, come in una rete di vene, dove le piante ne hanno pi\u00f9 bisogno: alle radici. La LITE-NET, spessa circa 6 mm, viene semplicemente tirata fino a 4-5 volte la sua larghezza e ricoperta di terra fino alle radici.<\/p>\n<p><strong>100 % BIODEGRADABILE\/COMPOSTABILE! <\/strong>Dopo circa 5-10 anni, la LITE-NET \u00e8 completamente biodegradata o composta. 70 % polilattide (PLA) + 30 % fibre di cellulosa, prodotto in Austria.<\/p>\n<p>&nbsp;<\/p>\n<h3>Prodotto<\/h3>\n<h3>Lite-Net Bio5<\/h3>\n<p>70 % PLA + 30 % cellulosa<br \/>\n100 % biol. degradabile\/compostabile<br \/>\nDura circa 5 &#8211; 10 anni<br \/>\nPer le piante perenni, riutilizzabile<\/p>\n<h3>Dimensione <strong>\u00a0\u2013 Prezzo<\/strong><\/h3>\n<ul>\n<li><strong>2,1 m\u00b2<\/strong> (1,3 x 1,6 m) &#8211; <strong>\u20ac\u00a0<\/strong><strong>25,90<\/strong> (\u20ac 12,33\/m\u00b2)<\/li>\n<li><strong>10,4 m\u00b2<\/strong> (1,3 x 8 m) &#8211; <strong>\u20ac\u00a0<\/strong><strong>79,50<\/strong> (\u20ac 7,64\/m\u00b2)<\/li>\n<li><strong>28 m\u00b2 <\/strong>(1,75 x 16 m) &#8211; <strong>\u20ac\u00a0<\/strong><strong>175,00 <\/strong>(\u20ac 6,25\/m\u00b2)<\/li>\n<\/ul>\n<p><strong>Installazione<\/strong><\/p>\n<p><a href=\"https:\/\/lite-soil.com\/fr\/trees-shrubs-bushes\/\">ARBRES, ARBUSTES ET BUISSONS<\/a>: Avvolgere un pezzo di LITE-NET opportunamente tagliato intorno alla zolla per convogliare acqua e aria dalla superficie direttamente alle radici. Come ulteriore riserva d&#8217;acqua, posizionate un altro LITE-NET orizzontalmente nella buca dell&#8217;albero. In questo modo si garantisce un&#8217;alimentazione ottimale dello spazio radicale profondo.<\/p>\n<p><a href=\"https:\/\/lite-soil.com\/fr\/slopes-vegetation-permanent-greening\/\">TALUS\/CROISSANCE<\/a>: Per i pendii, la LITE-NET viene posata in superficie come ausilio alla crescita.<\/p>\n<p><a href=\"https:\/\/lite-soil.com\/fr\/raised-planting-beds-garden-beds-vegetable-beds\/\">POTAGERS SUR\u00c9LEV\u00c9S<\/a>,\u00a0<a href=\"https:\/\/lite-soil.com\/fr\/lawn-rolled-turf\/\">PELOUSE, TERRAINS DE SPORT<\/a>: Posizionare la LITE-NET distanziata ed entrare in profondit\u00e0 (per i prati circa 10 m di profondit\u00e0 radicale. Ricoprire con il terriccio (possibilmente mescolato con LITE-STRIPS), e il gioco \u00e8 fatto.<\/p>\n<p><strong>Vantaggi<\/strong><\/p>\n<ul>\n<li>Irrigazione dimezzata<\/li>\n<li>Distribuisce l&#8217;acqua e l&#8217;aria esattamente dove le piante ne hanno bisogno: direttamente alle radici<\/li>\n<li>Le radici possono crescere attraverso la rete<\/li>\n<li>Pu\u00f2 essere facilmente tagliata a misura<\/li>\n<li>Installazione semplice<\/li>\n<li>Ideale per terreni privi di torba<\/li>\n<li>La rete, estremamente flessibile, si adatta perfettamente al terreno, favorisce la crescita delle piante e riduce il potenziale erosivo.<\/li>\n<\/ul>\n<p><iframe loading=\"lazy\" title=\"\ud83c\udf31COME RISPARMIARE ACQUA nell&#039;IRRIGAZIONE di PRATO e ALBERI con LITE-NET #risparmioidrico\" width=\"500\" height=\"281\" src=\"https:\/\/www.youtube.com\/embed\/hbA40caic2s?feature=oembed\" frameborder=\"0\" allow=\"accelerometer; autoplay; clipboard-write; encrypted-media; gyroscope; picture-in-picture; web-share\" referrerpolicy=\"strict-origin-when-cross-origin\" allowfullscreen><\/iframe><\/p>\n<p>Per progetti di grandi dimensioni, contattateci <a href=\"https:\/\/lite-soil.com\/it\/about\/#contact_us\">qui<\/a>.<\/p>\n","protected":false},"excerpt":{"rendered":"<p>Riserva idrica per le piante in forma di rete<\/p>\n<p>La rete di accumulo d\u2019acqua LITE-NET Bio 5 alimenta le piante su un\u2019ampia superficie come una vena d\u2019acqua.<\/p>\n<p><strong>Volume<\/strong>:\u00a0 2,1 m\u00b2 | 10,4 m\u00b2 | 28 m\u00b2<br \/>\n<strong>Materiale<\/strong>: 70 % polilattide (PLA) + 30 % fibre di cellulosa. Biodegradabile dopo 5-10 anni.<br \/>\nProdotto in Austria.<\/p>\n","protected":false},"featured_media":273,"comment_status":"closed","ping_status":"closed","template":"","meta":[],"product_brand":[],"product_cat":[88],"product_tag":[26,74,75,76,77,78,80,81,82,83,89],"class_list":{"0":"post-552","1":"product","2":"type-product","3":"status-publish","4":"has-post-thumbnail","6":"product_cat-lite-net","7":"product_tag-urban-gardening","8":"product_tag-athletic-fields","9":"product_tag-bushes-shrubs","10":"product_tag-lawns","11":"product_tag-planting-beds","12":"product_tag-raised-planting-beds","13":"product_tag-slope-vegetation","14":"product_tag-soccer-fields","15":"product_tag-trees","16":"product_tag-vegetable-beds","17":"product_tag-slopes-vegetation","19":"first","20":"instock","21":"taxable","22":"shipping-taxable","23":"purchasable","24":"product-type-variable"},"_links":{"self":[{"href":"https:\/\/lite-soil.com\/it\/wp-json\/wp\/v2\/product\/552","targetHints":{"allow":["GET"]}}],"collection":[{"href":"https:\/\/lite-soil.com\/it\/wp-json\/wp\/v2\/product"}],"about":[{"href":"https:\/\/lite-soil.com\/it\/wp-json\/wp\/v2\/types\/product"}],"replies":[{"embeddable":true,"href":"https:\/\/lite-soil.com\/it\/wp-json\/wp\/v2\/comments?post=552"}],"wp:featuredmedia":[{"embeddable":true,"href":"https:\/\/lite-soil.com\/it\/wp-json\/wp\/v2\/media\/273"}],"wp:attachment":[{"href":"https:\/\/lite-soil.com\/it\/wp-json\/wp\/v2\/media?parent=552"}],"wp:term":[{"taxonomy":"product_brand","embeddable":true,"href":"https:\/\/lite-soil.com\/it\/wp-json\/wp\/v2\/product_brand?post=552"},{"taxonomy":"product_cat","embeddable":true,"href":"https:\/\/lite-soil.com\/it\/wp-json\/wp\/v2\/product_cat?post=552"},{"taxonomy":"product_tag","embeddable":true,"href":"https:\/\/lite-soil.com\/it\/wp-json\/wp\/v2\/product_tag?post=552"}],"curies":[{"name":"wp","href":"https:\/\/api.w.org\/{rel}","templated":true}]}}