{"id":560,"date":"2025-05-25T17:15:29","date_gmt":"2025-05-25T17:15:29","guid":{"rendered":"https:\/\/lite-soil.com\/?post_type=product&#038;p=560"},"modified":"2025-11-13T13:26:04","modified_gmt":"2025-11-13T13:26:04","slug":"lite-pot-xl","status":"publish","type":"product","link":"https:\/\/lite-soil.com\/it\/product\/lite-pot-xl\/","title":{"rendered":"LITE-POT XL: <br> 85 x 200 cm"},"content":{"rendered":"<p>Tessuto non tessuto per riserva idrica e drenaggio per grandi vasi e trogoli per piante da tagliare a misura! Da un lato il tessuto non tessuto LITE<strong>&#8211;<\/strong>POT XL, spesso 13 mm, trattiene l&#8217;acqua in eccesso come una spugna e dall&#8217;altro lato drena l&#8217;acqua in eccesso attraverso i fori di drenaggio sul fondo del vaso. Questo evita anche che le piante vengano innaffiate troppo. Attraverso i fori in combinazione con l&#8217;inserto in pile sul fondo, le radici possono anche essere aerate dal basso. Atto al 100% di poliestere riciclato ed \u00e8 prodotto in Austria.<\/p>\n<p>L&#8217;inserto in tessuto non tessuto LITE-POT XL\u00a0immagazzina l&#8217;acqua e la rilascia di nuovo alla pianta pi\u00f9 tardi, quando necessario. LITE-POT XL\u00a0risparmia l&#8217;irrigazione quotidiana e semplifica la cura delle vostre piante. Il tessuto non tesuto riserva idrica riciclata pu\u00f2 essere utilizzato pi\u00f9 volte e immagazzina circa 12 l\/m<sup>2<\/sup>\u00a0di acqua.<\/p>\n<p>Previene anche lo scoppio in inverno a causa dell&#8217;accumulo di acqua. La funzione di filtro trattiene il terreno e quindi riduce la contaminazione del terreno circostante o della terrazza\/balcone.<\/p>\n<p><strong>100% SOSTENIBILE, RICICLATO, DUREVOLE E RIUTILIZZABILE<\/strong><\/p>\n<p><strong>Applicazione<\/strong><\/p>\n<p><a href=\"https:\/\/lite-soil.com\/it\/pots-planters-balcony-boxes\/\">FIORIERE DA BALCONE &#038; VASI<\/a><\/p>\n<p><strong>Istruzioni per l&#8217;installazione<\/strong><\/p>\n<p>LITE-POT XL\u00a0\u00e8 molto facile da usare! Posizionare LITE-POT XL\u00a0sul fondo del\u00a0trogolo, idealmente con il lato leggermente pi\u00f9 denso in alto. Semplicemente tagliato a misura se necessario, l&#8217;inserto in tessuto non tessuto pu\u00f2 anche essere tirato un po&#8217; su ai lati. Mettere la terra sopra, piantare, innaffiare a sufficienza, fatto! Pu\u00f2 essere idealmente combinato con le nostre\u00a0LITE-STRIPS<\/p>\n<p><strong>Vantaggi<\/strong><\/p>\n<ul>\n<li>Fornisce alle tue piante acqua per diversi giorni<\/li>\n<li>Riutilizzabile<\/li>\n<li>Pu\u00f2 essere facilmente tagliato a misura<\/li>\n<li>Pu\u00f2 essere facilmente tagliato a misura Ideale per assenze pi\u00f9 lunghe come vacanze o viaggi d&#8217;affari<\/li>\n<li>Le piante non possono essere innaffiate troppo<\/li>\n<li>La contaminazione del suolo \u00e8 ridotta<\/li>\n<li>Le radici sono aerate dal basso<\/li>\n<\/ul>\n<p><strong>Quantit\u00e0 e dimensioni<\/strong><\/p>\n<p>1 pz. 85 x 200 cm, spesso 13 mm.<\/p>\n<div class=\"fluid-width-video-wrapper\"><iframe title=\"TESSUTO NON TESSUTO PER FIORIERE DA BALCONE E VASI\ud83e\udeb4 LITE-POT #risparmio\" src=\"https:\/\/www.youtube.com\/embed\/-m9sE92nE1A?feature=oembed\" name=\"fitvid0\" allowfullscreen=\"allowfullscreen\" data-mce-fragment=\"1\"><\/iframe><\/div>\n<p>Per grandi progetti, contattateci\u00a0<a href=\"https:\/\/lite-soil.com\/it\/about\/#contact_us\">qui<\/a>.<\/p>\n","protected":false},"excerpt":{"rendered":"<p data-start=\"38\" data-end=\"163\">Inserto in tessuto non tessuto per il drenaggio e la riserva d\u2019acqua, da ritagliare su misura, per grandi vasi e fioriere<\/p>\n<p data-start=\"165\" data-end=\"294\">L\u2019inserto in tessuto non tessuto LITE-POT XL immagazzina l\u2019acqua e la rilascia successivamente alla pianta quando necessario.<\/p>\n<p data-start=\"296\" data-end=\"356\"><strong>100% SOSTENIBILE, RICICLATO, RESISTENTE E RIUTILIZZABILE<\/strong><\/p>\n<p data-start=\"358\" data-end=\"381\" data-is-last-node=\"\" data-is-only-node=\"\">Prodotto in Austria<\/p>\n","protected":false},"featured_media":283,"comment_status":"closed","ping_status":"closed","template":"","meta":[],"product_brand":[],"product_cat":[99],"product_tag":[26,68],"class_list":{"0":"post-560","1":"product","2":"type-product","3":"status-publish","4":"has-post-thumbnail","6":"product_cat-lite-pot_holiday-bag","7":"product_tag-urban-gardening","8":"product_tag-balcony-boxes","10":"first","11":"instock","12":"taxable","13":"shipping-taxable","14":"purchasable","15":"product-type-simple"},"_links":{"self":[{"href":"https:\/\/lite-soil.com\/it\/wp-json\/wp\/v2\/product\/560","targetHints":{"allow":["GET"]}}],"collection":[{"href":"https:\/\/lite-soil.com\/it\/wp-json\/wp\/v2\/product"}],"about":[{"href":"https:\/\/lite-soil.com\/it\/wp-json\/wp\/v2\/types\/product"}],"replies":[{"embeddable":true,"href":"https:\/\/lite-soil.com\/it\/wp-json\/wp\/v2\/comments?post=560"}],"wp:featuredmedia":[{"embeddable":true,"href":"https:\/\/lite-soil.com\/it\/wp-json\/wp\/v2\/media\/283"}],"wp:attachment":[{"href":"https:\/\/lite-soil.com\/it\/wp-json\/wp\/v2\/media?parent=560"}],"wp:term":[{"taxonomy":"product_brand","embeddable":true,"href":"https:\/\/lite-soil.com\/it\/wp-json\/wp\/v2\/product_brand?post=560"},{"taxonomy":"product_cat","embeddable":true,"href":"https:\/\/lite-soil.com\/it\/wp-json\/wp\/v2\/product_cat?post=560"},{"taxonomy":"product_tag","embeddable":true,"href":"https:\/\/lite-soil.com\/it\/wp-json\/wp\/v2\/product_tag?post=560"}],"curies":[{"name":"wp","href":"https:\/\/api.w.org\/{rel}","templated":true}]}}