{"id":948,"date":"2025-06-16T21:21:21","date_gmt":"2025-06-16T21:21:21","guid":{"rendered":"https:\/\/lite-soil.com\/?post_type=product&#038;p=948"},"modified":"2025-11-13T12:06:24","modified_gmt":"2025-11-13T12:06:24","slug":"lite-strips-pp","status":"publish","type":"product","link":"https:\/\/lite-soil.com\/it\/product\/lite-strips-pp\/","title":{"rendered":"LITE-STRIPS  <br> PP"},"content":{"rendered":"<h3><span style=\"font-family: 'Open Sans',sans-serif; color: black;\">Immagazzinamento dell\u2019acqua per le piante<\/span><\/h3>\n<p>Poich\u00e9 le strisce LITE-STRIPS PP per l&#8217;immagazzinamento dell&#8217;acqua si trovano direttamente vicino alle radici, le piante possono accedere all&#8217;acqua pi\u00f9 facilmente ed efficacemente quando necessario, prolungando cos\u00ec gli intervalli di irrigazione. Le Lite-Strip allungate attirano l&#8217;acqua dalla superficie alle radici, rendendo il terreno denso pi\u00f9 permeabile e funzionando come miglioratore del substrato.<\/p>\n<p><strong>Durevole e sostenibile<\/strong><\/p>\n<p>La variante Lite-Strip PP, durevole e sostenibile, \u00e8 realizzata al 100% in fibre di polipropilene ed \u00e8 destinata alle piante perenni e all&#8217;irrigazione interrata.<\/p>\n<p>&nbsp;<\/p>\n<h3>Prodotto<\/h3>\n<h3>Lite-Strips PP<\/h3>\n<p>100% polipropilene<br \/>\nResistente e sostenibile<br \/>\nPer piante perenni, irrigazione interrata<br \/>\n&#038; multiuso<\/p>\n<p><strong>Unit\u00e0 \u2013 Prezzo \u2013 Fino a<\/strong><\/p>\n<ul>\n<li><strong>2,5 l<\/strong> (120 g ) \u2013 <strong>\u20ac\u00a0<\/strong><strong>16,50<\/strong> (\u20ac 6,6\/l) \u2013 <strong>50 l terra<\/strong> (5 m\u00b2 Prato)<\/li>\n<li><strong>10 l<\/strong> (480 g ) \u2013 <strong>\u20ac\u00a0<\/strong><strong>42,00 <\/strong>(\u20ac 4,2\/l) \u2013 <strong>200 l\u00a0terra <\/strong>(20 m\u00b2 Prato)<\/li>\n<li><strong>25 l<\/strong> (1200 g ) \u2013 <strong>\u20ac\u00a0<\/strong><strong>79,80 <\/strong>(\u20ac 3,19\/l) \u2013 <strong>500 l\u00a0de terra <\/strong>(50 m\u00b2 Prato)<\/li>\n<\/ul>\n<p><strong>Istruzioni per l&#8217;installazione<\/strong><\/p>\n<p><a href=\"https:\/\/lite-soil.com\/it\/trees-shrubs-bushes\/\">ALBERI, CESPUGLI E ARBUSTI<\/a>: Mescolare circa 10-20 l per buca nel terreno vicino alla zolla. LITE-STRIPS PP si combina molto bene con la rete per vegetazione LITE-NET.<\/p>\n<p><a href=\"https:\/\/lite-soil.com\/it\/raised-planting-beds-garden-beds-vegetable-beds\/\">AIUOLE RIALZATE<\/a>\u00a0E\u00a0<a href=\"https:\/\/lite-soil.com\/it\/pots-planters-balcony-boxes\/\">FIORIERE<\/a>: : Mescolare al terreno circa il 5-10 % del volume. LITE-STRIPS PP aiuta le piante a superare i periodi di siccit\u00e0 pi\u00f9 lunghi. \u00c8 necessario annaffiare meno spesso, le piante ricevono acqua anche nei periodi di siccit\u00e0 o di vacanza.<\/p>\n<p><a href=\"https:\/\/lite-soil.com\/it\/lawn-rolled-turf\/\">PRATI, CAMPI SPORTIVI<\/a>\u00a0&#038;\u00a0<a href=\"https:\/\/lite-soil.com\/it\/slopes-vegetation-permanent-greening\/\">PENDII<\/a>: Mescolare circa 0,5-1 l di LITE-STRIPS PP per m\u00b2 nello strato di terreno fino alla profondit\u00e0 delle radici, ad esempio con un rastrello.<\/p>\n<p><a href=\"https:\/\/lite-soil.com\/it\/roof-greening\/\">INVERDIMENTO TETTI<\/a>: Mescolare circa 1 l di LITE-STRIPS PP per m\u00b2 nel sottofondo.<\/p>\n<h3>Vantaggi<\/h3>\n<ul>\n<li>Innaffiare solo la met\u00e0 delle volte<\/li>\n<li>Per uso interno ed esterno<\/li>\n<li>Immagazzina l\u2019acqua direttamente alle radici<\/li>\n<li>Una crescita migliore, una crescita sostenibile<\/li>\n<li>Terreno sciolto e meglio aerato<\/li>\n<li>Ideale anche per terreni senza torba!<\/li>\n<\/ul>\n<p>1 chilo di LITE-STRIPS immagazzina fino a 10 litri di acqua.<\/p>\n<p><iframe loading=\"lazy\" title=\"\ud83d\udca7il METODO DEFINITIVO di RISPARMIO ACQUA per le piante LITE-STRIPS #risparmioidrico\" width=\"500\" height=\"281\" src=\"https:\/\/www.youtube.com\/embed\/EROd6vt2Bbo?feature=oembed\" frameborder=\"0\" allow=\"accelerometer; autoplay; clipboard-write; encrypted-media; gyroscope; picture-in-picture; web-share\" referrerpolicy=\"strict-origin-when-cross-origin\" allowfullscreen><\/iframe><\/p>\n<p><span style=\"font-size: 13.5pt; font-family: 'Open Sans',sans-serif; color: black;\">Per grandi progetti, contattateci\u00a0<a href=\"https:\/\/lite-soil.com\/it\/about\/#contact_us\">qui.<\/a><\/span><\/p>\n","protected":false},"excerpt":{"rendered":"<p><span style=\"font-size: 13.5pt; font-family: 'Open Sans',sans-serif; color: black;\">Riserva idrica resistente e sostenibile\u00a0per le piante.<\/span><\/p>\n<p style=\"font-variant-ligatures: normal; font-variant-caps: normal; orphans: 2; text-align: start; widows: 2; -webkit-text-stroke-width: 0px; text-decoration-thickness: initial; text-decoration-style: initial; text-decoration-color: initial; word-spacing: 0px;\"><span style=\"font-size: 13.5pt; font-family: 'Open Sans',sans-serif; color: black;\">Le LITE-STRIPS PP inserite vicino alle radici sono strisce di tessuto non tessuto mescolate nel terreno per risparmiare acqua e tempo per l\u2019irrigazione..<br \/>\nOttimale per piante in vaso, piante da balcone, letti rialzati, prati e molto altro.<\/span><\/p>\n<p style=\"font-variant-ligatures: normal; font-variant-caps: normal; orphans: 2; text-align: start; widows: 2; -webkit-text-stroke-width: 0px; text-decoration-thickness: initial; text-decoration-style: initial; text-decoration-color: initial; word-spacing: 0px;\"><span style=\"font-size: 13.5pt; font-family: 'Open Sans',sans-serif; color: black;\">Si prega di selezionare il volume desiderato:<br \/>\n<strong><span style=\"font-family: 'Open Sans',sans-serif;\">Volume<\/span><\/strong>: 2,5l | 10l | 25l<br \/>\n<strong><span style=\"font-family: 'Open Sans',sans-serif;\">Materiale<\/span><\/strong>: Circa 70 x 12 x 6 mm strisce fatte di 100 % polipropilene.<br \/>\nProdotto in Austria.<\/span><\/p>\n","protected":false},"featured_media":1513,"comment_status":"closed","ping_status":"closed","template":"","meta":[],"product_brand":[],"product_cat":[98],"product_tag":[79,86,85,84,83,82,81,80,78,77,76,75,74,68,26],"class_list":{"0":"post-948","1":"product","2":"type-product","3":"status-publish","4":"has-post-thumbnail","6":"product_cat-lite-strips","7":"product_tag-roof-greening","8":"product_tag-planters","9":"product_tag-flower-pots","10":"product_tag-flower-boxes","11":"product_tag-vegetable-beds","12":"product_tag-trees","13":"product_tag-soccer-fields","14":"product_tag-slope-vegetation","15":"product_tag-raised-planting-beds","16":"product_tag-planting-beds","17":"product_tag-lawns","18":"product_tag-bushes-shrubs","19":"product_tag-athletic-fields","20":"product_tag-balcony-boxes","21":"product_tag-urban-gardening","23":"first","24":"instock","25":"taxable","26":"shipping-taxable","27":"purchasable","28":"product-type-variable"},"_links":{"self":[{"href":"https:\/\/lite-soil.com\/it\/wp-json\/wp\/v2\/product\/948","targetHints":{"allow":["GET"]}}],"collection":[{"href":"https:\/\/lite-soil.com\/it\/wp-json\/wp\/v2\/product"}],"about":[{"href":"https:\/\/lite-soil.com\/it\/wp-json\/wp\/v2\/types\/product"}],"replies":[{"embeddable":true,"href":"https:\/\/lite-soil.com\/it\/wp-json\/wp\/v2\/comments?post=948"}],"wp:featuredmedia":[{"embeddable":true,"href":"https:\/\/lite-soil.com\/it\/wp-json\/wp\/v2\/media\/1513"}],"wp:attachment":[{"href":"https:\/\/lite-soil.com\/it\/wp-json\/wp\/v2\/media?parent=948"}],"wp:term":[{"taxonomy":"product_brand","embeddable":true,"href":"https:\/\/lite-soil.com\/it\/wp-json\/wp\/v2\/product_brand?post=948"},{"taxonomy":"product_cat","embeddable":true,"href":"https:\/\/lite-soil.com\/it\/wp-json\/wp\/v2\/product_cat?post=948"},{"taxonomy":"product_tag","embeddable":true,"href":"https:\/\/lite-soil.com\/it\/wp-json\/wp\/v2\/product_tag?post=948"}],"curies":[{"name":"wp","href":"https:\/\/api.w.org\/{rel}","templated":true}]}}